{"id":149,"date":"2013-03-09T08:54:56","date_gmt":"2013-03-09T03:54:12","guid":{"rendered":"http:\/\/www.philippelanglois.com\/chaire_dev\/?page_id=149"},"modified":"2017-08-08T16:31:35","modified_gmt":"2017-08-08T15:31:35","slug":"contact-us","status":"publish","type":"page","link":"https:\/\/www.genomiqueforestiere.chaire.ulaval.ca\/?page_id=149","title":{"rendered":"Contact us"},"content":{"rendered":"<p><a href=\"http:\/\/www.genomiqueforestiere.chaire.ulaval.ca\/wp-content\/uploads\/2013\/03\/RTEmagicC_marchand_021.jpg1.jpg\"><img loading=\"lazy\" decoding=\"async\" class=\"alignleft\" src=\"http:\/\/www.genomiqueforestiere.chaire.ulaval.ca\/wp-content\/uploads\/2013\/03\/RTEmagicC_marchand_021.jpg1.jpg\" alt=\"Pavillon Marchand\" width=\"176\" height=\"120\" \/>\u00a0<\/a><\/p>\n<p>&nbsp;<\/p>\n<p>&nbsp;<\/p>\n<p>&nbsp;<\/p>\n<p><strong>Address:<\/strong><br \/>\nCanada Research Chair in Forest Genomics<br \/>\nInstitut de biologie int\u00e9grative et des syst\u00e8mes (IBIS)<br \/>\nOffice 2106<br \/>\n1030 Avenue de la M\u00e9decine,<br \/>\nUniversit\u00e9 Laval, Qu\u00e9bec (Qu\u00e9bec)<br \/>\nCanada G1V 0A6<\/p>\n<p>email: <a href=\"mailto:crcgfe@sbf.ulaval.ca \">crcgf@sbf.ulaval.ca<\/a><br \/>\n        <div class=\"gmwd_container_wrapper\">            <div class=\"gmwd_container\">                <div id=\"gmwd_container_1\">                    <script>                        if(typeof gmwdmapData == 'undefined'){                            var gmwdmapData = [];                         }                                                                gmwdmapData[\"widget\" + '1'] = \"\";                                           gmwdmapData[\"mapId\" + '1'] = Number(\"1\");                                           gmwdmapData[\"centerLat\" + '1'] = Number(\"46.7795592\");                        gmwdmapData[\"centerLng\" + '1'] = Number(\"-71.27853600000003\");\t                        gmwdmapData[\"zoom\" + '1'] = Number(\"12\");                        gmwdmapData[\"mapType\" + '1'] = \"0\";                        gmwdmapData[\"maxZoom\" + '1'] = Number(\"22\");                        gmwdmapData[\"minZoom\" + '1'] = Number(\"2\");                        gmwdmapData[\"mapWhellScrolling\" + '1'] = Number(\"0\") == 1 ? true : false;\t\t\t\t                        gmwdmapData[\"infoWindowOpenOn\" + '1'] = \"click\" ;\t\t\t\t                        gmwdmapData[\"mapDragable\" + '1'] = Number(\"1\") == 1 ? true : false;\t                            gmwdmapData[\"mapDbClickZoom\" + '1'] = Number(\"0\") == 1 ? true : false;\t                                                            gmwdmapData[\"enableZoomControl\" + '1'] = Number(\"1\") == 1 ? true : false;                        gmwdmapData[\"enableMapTypeControl\" + '1'] = Number(\"1\") == 1 ? true : false;\t\t\t                        gmwdmapData[\"mapTypeControlOptions\" + '1'] = {};                                                gmwdmapData[\"enableScaleControl\" + '1'] = Number(\"1\") == 1 ? true : false;                        gmwdmapData[\"enableStreetViewControl\" + '1'] = Number(\"1\") == 1 ? true : false;                        gmwdmapData[\"enableFullscreenControl\" + '1'] = Number(\"0\") == 1 ? true : false;                        gmwdmapData[\"enableRotateControl\" + '1'] = Number(\"1\") == 1 ? true : false;                        gmwdmapData[\"mapTypeControlPosition\" + '1'] = Number(\"0\");                                                gmwdmapData[\"zoomControlPosition\" + '1'] = Number(\"0\");                        gmwdmapData[\"streetViewControlPosition\" + '1'] = Number(\"0\");                                                gmwdmapData[\"fullscreenControlPosition\" + '1'] = Number(\"0\");                                                gmwdmapData[\"mapTypeControlStyle\" + '1'] = Number(\"0\");\t\t\t\t                        gmwdmapData[\"mapBorderRadius\" + '1'] = \"\";                        gmwdmapData[\"enableBykeLayer\" + '1'] =  Number(\"0\");\t                        gmwdmapData[\"enableTrafficLayer\" + '1'] =  Number(\"0\");\t\t\t\t                        gmwdmapData[\"enableTransitLayer\" + '1'] =  Number(\"0\");\t                        gmwdmapData[\"geoRSSURL\" + '1'] = \"\";\t                        gmwdmapData[\"KMLURL\" + '1'] = \"\";\t                        gmwdmapData[\"fusionTableId\" + '1'] = '';\t                                        gmwdmapData[\"mapTheme\" + '1'] = '';\t\t\t                        gmwdmapData[\"mapMarkers\" + '1'] = JSON.parse('{\"1\":{\"id\":\"1\",\"map_id\":\"1\",\"lat\":\"41.87194\",\"lng\":\"12.567379999999957\",\"category\":\"0\",\"title\":\"Italia\",\"address\":\"Italia\",\"animation\":\"DROP\",\"enable_info_window\":\"1\",\"info_window_open\":\"0\",\"marker_size\":\"32\",\"custom_marker_url\":\"\",\"choose_marker_icon\":\"1\",\"description\":\"\",\"link_url\":\"\",\"pic_url\":\"\",\"published\":\"1\"},\"2\":{\"id\":\"2\",\"map_id\":\"1\",\"lat\":\"40.6356899\",\"lng\":\"-73.60066499999999\",\"category\":\"0\",\"title\":\"CIDNEY PHILLIPS, Washington Street, Baldwin, NY, United States\",\"address\":\"CIDNEY PHILLIPS, Washington Street, Baldwin, NY, United States\",\"animation\":\"NONE\",\"enable_info_window\":\"1\",\"info_window_open\":\"0\",\"marker_size\":\"32\",\"custom_marker_url\":\"\",\"choose_marker_icon\":\"1\",\"description\":\"\",\"link_url\":\"\",\"pic_url\":\"\",\"published\":\"1\"},\"3\":{\"id\":\"3\",\"map_id\":\"1\",\"lat\":\"40.4167754\",\"lng\":\"-3.7037901999999576\",\"category\":\"0\",\"title\":\"Madrid, Espa\\u00f1a\",\"address\":\"Madrid, Espa\\u00f1a\",\"animation\":\"NONE\",\"enable_info_window\":\"1\",\"info_window_open\":\"0\",\"marker_size\":\"32\",\"custom_marker_url\":\"\",\"choose_marker_icon\":\"1\",\"description\":\"\",\"link_url\":\"\",\"pic_url\":\"\",\"published\":\"1\"},\"4\":{\"id\":\"4\",\"map_id\":\"1\",\"lat\":\"48.85661400000001\",\"lng\":\"2.3522219000000177\",\"category\":\"0\",\"title\":\"Paris, France\",\"address\":\"Paris, France\",\"animation\":\"DROP\",\"enable_info_window\":\"1\",\"info_window_open\":\"0\",\"marker_size\":\"32\",\"custom_marker_url\":\"\",\"choose_marker_icon\":\"1\",\"description\":\"\",\"link_url\":\"\",\"pic_url\":\"\",\"published\":\"1\"},\"5\":{\"id\":\"5\",\"map_id\":\"1\",\"lat\":\"51.5073509\",\"lng\":\"-0.12775829999998223\",\"category\":\"0\",\"title\":\"London, UK\",\"address\":\"London, UK\",\"animation\":\"NONE\",\"enable_info_window\":\"1\",\"info_window_open\":\"0\",\"marker_size\":\"32\",\"custom_marker_url\":\"\",\"choose_marker_icon\":\"1\",\"description\":\"\",\"link_url\":\"\",\"pic_url\":\"\",\"published\":\"1\"},\"6\":{\"id\":\"6\",\"map_id\":\"1\",\"lat\":\"39.9525839\",\"lng\":\"-75.16522150000003\",\"category\":\"0\",\"title\":\"Philadelphia, PA, United States\",\"address\":\"Philadelphia, PA, United States\",\"animation\":\"NONE\",\"enable_info_window\":\"1\",\"info_window_open\":\"0\",\"marker_size\":\"32\",\"custom_marker_url\":\"\",\"choose_marker_icon\":\"1\",\"description\":\"\",\"link_url\":\"\",\"pic_url\":\"\",\"published\":\"1\"},\"7\":{\"id\":\"7\",\"map_id\":\"1\",\"lat\":\"40.7127837\",\"lng\":\"-74.00594130000002\",\"category\":\"0\",\"title\":\"New York, NY, United States\",\"address\":\"New York, NY, United States\",\"animation\":\"BOUNCE\",\"enable_info_window\":\"1\",\"info_window_open\":\"0\",\"marker_size\":\"32\",\"custom_marker_url\":\"\",\"choose_marker_icon\":\"1\",\"description\":\"\",\"link_url\":\"\",\"pic_url\":\"\",\"published\":\"1\"},\"8\":{\"id\":\"8\",\"map_id\":\"1\",\"lat\":\"46.7795592\",\"lng\":\"-71.27853600000003\",\"category\":\"0\",\"title\":\"Pavillon Charles-Eug\\u00e8ne-Marchand, Universit\\u00e9 Laval\",\"address\":\"Pavillon Charles-Eug\\u00e8ne-Marchand, Avenue de la M\\u00e9decine, Ville de Qu\\u00e9bec, QC, Canada\",\"animation\":\"NONE\",\"enable_info_window\":\"1\",\"info_window_open\":\"0\",\"marker_size\":\"32\",\"custom_marker_url\":\"\",\"choose_marker_icon\":\"1\",\"description\":\"\",\"link_url\":\"\",\"pic_url\":\"\",\"published\":\"1\"}}');                        gmwdmapData[\"mapPolygons\" + '1'] =  JSON.parse('{\"1\":{\"id\":\"1\",\"map_id\":\"1\",\"title\":\"Polygon 1\",\"link\":\"\",\"line_width\":\"2\",\"line_color\":\"0B0833\",\"line_opacity\":\"0.8\",\"fill_color\":\"7AF6FF\",\"fill_opacity\":\"0.3\",\"line_color_hover\":\"000000\",\"line_opacity_hover\":\"0.9\",\"fill_color_hover\":\"FF0000\",\"fill_opacity_hover\":\"0.4\",\"data\":\"(48.28502057399577, -117.59765625),(37.51190453731693, -116.01562000000001),(37.37233994582321, -106.87499999999994),(50.3472131272189, -106.34764874999001),\",\"show_markers\":\"1\",\"enable_info_windows\":\"0\",\"published\":\"1\"},\"2\":{\"id\":\"2\",\"map_id\":\"1\",\"title\":\"Polygon 2\",\"link\":\"\",\"line_width\":\"4\",\"line_color\":\"072908\",\"line_opacity\":\"0.8\",\"fill_color\":\"87FF1F\",\"fill_opacity\":\"0.3\",\"line_color_hover\":\"000000\",\"line_opacity_hover\":\"0.9\",\"fill_color_hover\":\"FF0000\",\"fill_opacity_hover\":\"0.4\",\"data\":\"(48.750756296177386, 8.96484375),(61.649466740560335, 26.19140625),(47.22143353240337, 42.714843700000074),\",\"show_markers\":\"0\",\"enable_info_windows\":\"0\",\"published\":\"1\"}}');                        gmwdmapData[\"mapPolylines\" + '1'] = JSON.parse('{\"1\":{\"id\":\"1\",\"map_id\":\"1\",\"title\":\"Polyline\",\"line_width\":\"3\",\"line_color\":\"0C5413\",\"line_opacity\":\"0.8\",\"line_color_hover\":\"000000\",\"line_opacity_hover\":\"0.9\",\"data\":\"(-28.84226783718747, 17.40234375),(-18.393623895475326, 27.7734375),(-8.83893716666915, 34.27734375),(2.3751129338801293, 35.859375),(11.784014005457768, 33.3984375),(19.06471383653978, 25.48828125),\",\"show_markers\":\"0\",\"enable_info_windows\":\"0\",\"published\":\"1\"}}');                                                gmwdmapData[\"enableCategoryFilter\" + '1'] = \"0\";                                                gmwdmapData[\"enableDirections\" + '1'] = \"0\";                        gmwdmapData[\"enableStoreLocatior\" + '1'] = \"0\";                        gmwdmapData[\"storeLocatorDistanceIn\" + '1'] = \"km\";                                                gmwdmapData[\"storeLocatorStrokeWidth\" + '1'] = Number(\"2\");                        gmwdmapData[\"storeLocatorFillColor\" + '1'] = \"#\" + \"7FDF16\";                        gmwdmapData[\"storeLocatorFillOpacity\" + '1'] = Number(\"0.3\");                        gmwdmapData[\"storeLocatorLineColor\" + '1'] = \"#\" + \"000\";                        gmwdmapData[\"storeLocatorLineOpacity\" + '1'] = Number(\"0.6\");                                                gmwdmapData[\"markerListingType\" + '1'] = \"0\";                        gmwdmapData[\"markerListInsideMap\" + '1'] = \"0\";                        gmwdmapData[\"markerListPosition\" + '1'] = Number(\"0\");                        gmwdmapData[\"infoWindowInfo\" + '1'] = \"title,address,desc,pic\";                        gmwdmapData[\"advancedInfoWindowPosition\" + '1'] = Number(\"10\");                        gmwdmapData[\"geolocateUser\" + '1'] = Number(\"0\");                        gmwdmapData[\"items\" + '1'] = \"3\";                                                gmwdmapData[\"enableSerchBox\" + '1'] = \"0\";                        gmwdmapData[\"serchBoxPosition\" + '1'] = Number(\"3\");                                                gmwdmapData[\"allMarkers\" + '1'] = [];                               gmwdmapData[\"allPolygons\" + '1'] = [];                        gmwdmapData[\"allPolygonMarkers\" + '1'] = [];                        gmwdmapData[\"allPolylines\" + '1'] = [];                        gmwdmapData[\"allPolylineMarkers\" + '1'] = [];                        gmwdmapData[\"infoWindows\" + '1'] = [];                        gmwdmapData[\"ajaxData\" + '1']  = {};                                                var ajaxURL = \"https:\/\/www.genomiqueforestiere.chaire.ulaval.ca\/wp-admin\/admin-ajax.php\";                        var markerDefaultIcon = \"\";                        var GMWD_URL = \"https:\/\/www.genomiqueforestiere.chaire.ulaval.ca\/wp-content\/plugins\/wd-google-maps\";                        jQuery( document ).ready(function() {\t\t\t\t\t                            gmwdInitMainMap(\"wd-map1\",false, '1');                            gmwdReadyFunction('1');                        });                    <\/script>                                        <div class=\"wd-clear\">                        <div id=\"wd-map1\" class=\"wd-row \" style=\" height:300px; width:100%\"><\/div>                    <\/div>                                                                <\/div>            <\/div>\t\t<\/div>\t\t<\/p>\n","protected":false},"excerpt":{"rendered":"<p>\u00a0 &nbsp; &nbsp; &nbsp; Address: Canada Research Chair in Forest Genomics Institut de biologie int\u00e9grative et des syst\u00e8mes (IBIS) Office 2106 1030 Avenue de la M\u00e9decine, Universit\u00e9 Laval, Qu\u00e9bec (Qu\u00e9bec) Canada G1V 0A6 email: crcgf@sbf.ulaval.ca<\/p>\n","protected":false},"author":1,"featured_media":161,"parent":0,"menu_order":0,"comment_status":"closed","ping_status":"open","template":"sidebar-page.php","meta":{"jetpack_post_was_ever_published":false,"footnotes":""},"class_list":["post-149","page","type-page","status-publish","has-post-thumbnail","hentry"],"jetpack_sharing_enabled":true,"jetpack_shortlink":"https:\/\/wp.me\/P3LOEb-2p","_links":{"self":[{"href":"https:\/\/www.genomiqueforestiere.chaire.ulaval.ca\/index.php?rest_route=\/wp\/v2\/pages\/149","targetHints":{"allow":["GET"]}}],"collection":[{"href":"https:\/\/www.genomiqueforestiere.chaire.ulaval.ca\/index.php?rest_route=\/wp\/v2\/pages"}],"about":[{"href":"https:\/\/www.genomiqueforestiere.chaire.ulaval.ca\/index.php?rest_route=\/wp\/v2\/types\/page"}],"author":[{"embeddable":true,"href":"https:\/\/www.genomiqueforestiere.chaire.ulaval.ca\/index.php?rest_route=\/wp\/v2\/users\/1"}],"replies":[{"embeddable":true,"href":"https:\/\/www.genomiqueforestiere.chaire.ulaval.ca\/index.php?rest_route=%2Fwp%2Fv2%2Fcomments&post=149"}],"version-history":[{"count":9,"href":"https:\/\/www.genomiqueforestiere.chaire.ulaval.ca\/index.php?rest_route=\/wp\/v2\/pages\/149\/revisions"}],"predecessor-version":[{"id":4710,"href":"https:\/\/www.genomiqueforestiere.chaire.ulaval.ca\/index.php?rest_route=\/wp\/v2\/pages\/149\/revisions\/4710"}],"wp:featuredmedia":[{"embeddable":true,"href":"https:\/\/www.genomiqueforestiere.chaire.ulaval.ca\/index.php?rest_route=\/wp\/v2\/media\/161"}],"wp:attachment":[{"href":"https:\/\/www.genomiqueforestiere.chaire.ulaval.ca\/index.php?rest_route=%2Fwp%2Fv2%2Fmedia&parent=149"}],"curies":[{"name":"wp","href":"https:\/\/api.w.org\/{rel}","templated":true}]}}