{"id":1820,"date":"2013-07-25T23:08:26","date_gmt":"2013-07-15T17:31:42","guid":{"rendered":"http:\/\/www.genomiqueforestiere.chaire.ulaval.ca\/?page_id=1820"},"modified":"2017-02-20T16:44:30","modified_gmt":"2017-02-20T15:44:30","slug":"publications-armand-seguin","status":"publish","type":"page","link":"https:\/\/www.genomiqueforestiere.chaire.ulaval.ca\/?page_id=1820","title":{"rendered":"Publications \u2013 Armand S\u00e9guin"},"content":{"rendered":"<p><a name=\"2014\"><\/a><br \/>\n<strong>2014<\/strong><\/p>\n<p>Bomal, C., I. Duval, I. Gigu\u00e8re, \u00c9. Fortin, S. Caron, D. Stewart, B. Boyle, <strong>A. S\u00e9guin<\/strong> &amp; <strong>J.J. MacKay<\/strong>. 2014. <a title=\"Opposite action of R2R3-MYBs from different subgroups on key genes of the shikimate and monolignol pathways in spruce.\" href=\"http:\/\/jxb.oxfordjournals.org\/content\/early\/2013\/12\/14\/jxb.ert398.abstract\" target=\"_blank\">Opposite action of R2R3-MYBs from different subgroups on key genes of the shikimate and monolignol pathways in spruce.<\/a> Journal of Experimental Botany 65: 495-508.<\/p>\n<p>Duval, I., D. Lachance, I. Gigu\u00e8re, C. Bomal, M.-J. Morency, G. Pelletier, B. Boyle, <strong>J.J. Mackay<\/strong> &amp; <strong>A. S\u00e9guin<\/strong>. 2014. Large-scale screening of transcription factor\u2013promoter interactions in spruce reveals a transcriptional network involved in vascular development. Journal of Experimental Botany 65: 2319-2333.<\/p>\n<p><a name=\"2013\"><\/a><br \/>\n<strong>2013<\/strong><\/p>\n<p>H\u00e4ggman, H., A. Raybould, A. Borem, T. Fox, L. Handley, M. Hertzberg, M.-Z. Lu, P. Macdonald, T. Oguchi, G. Pasquali, L. Pearson, G. Peter, H. Quemada, <strong>A. S\u00e9guin<\/strong>, K. Tattersall, E. Ulian, C. Walter &amp; M. McLean. 2013. <a href=\"http:\/\/onlinelibrary.wiley.com\/doi\/10.1111\/pbi.12100\/full\" target=\"_blank\">Genetically engineered trees for plantation forests: key considerations for environmental risk assessment.<\/a> Plant Biotechnology Journal 11: 785-798.<\/p>\n<h2><a name=\"2012\"><\/a><br \/>\n2012<\/h2>\n<p>Germain, H., D. Lachance, G. Pelletier, C.G. Fossdal, H. Solheim &amp;<strong> A. S\u00e9guin<\/strong>. 2012. <a href=\"http:\/\/jxb.oxfordjournals.org\/content\/63\/2\/785.short\" target=\"_blank\">The expression pattern of the <em>Picea glauca Defensin 1<\/em> promoter is maintained in <em>Arabidopsis thaliana<\/em>, indicating the conservation of signalling pathways between angiosperms and gymnosperms.<\/a> Journal of Experimental Botany 63: 785-795.<\/p>\n<h1><a name=\"2011\"><\/a><br \/>\n2011<\/h1>\n<p>Hamberger, B., T. Ohnishi, <strong>A. S\u00e9guin<\/strong> &amp; J. Bohlmann. 2011. <a href=\"http:\/\/www.plantphysiol.org\/content\/157\/4\/1677.short\" target=\"_blank\">Evolution of diterpene metabolism: Sitks Spruce CYP720B4 catalyzes multiple oxidations in resin acid biosynthesis of conifer defense against insects.<\/a> Plant Physiology 157: 1677-1695.<\/p>\n<p>Hamel, L.P., M. Benchabane, M.C. Nicole, I.T. Major, M.J. Morency, G. Pelletier, N. Beaudoin, J. Sheen &amp; <strong>A. S\u00e9guin<\/strong>. 2011. <a href=\"http:\/\/www.plantphysiology.org\/content\/157\/3\/1379.short\" target=\"_blank\">Stress-responsive mitogen-activated protein kinases interact with the EAR motif of a poplar zinc finger protein and mediate its degradation through the 26S proteasome. <\/a>Plant Physiology 157: 1379-1393.<\/p>\n<p>Lamarche, J., F.O.P. Stefani, <strong>A. S\u00e9guin<\/strong> &amp; R.C. Hamelin. 2011. <a href=\"http:\/\/onlinelibrary.wiley.com\/doi\/10.1111\/j.1574-6941.2011.01041.x\/full\" target=\"_blank\">Impact of endochitinase-transformed white spruce on soil fungal communities under greenhouse conditions.<\/a> FEMS Microbiology Ecology 76: 199-208.<\/p>\n<p><strong>S\u00e9guin, A.<\/strong> 2011. How could forest trees play an important role as feedstock for bioenergy production? Current Opinion in Environmental Sustainability 3: 90-94.<\/p>\n<h1><a name=\"2010\"><\/a><br \/>\n2010<\/h1>\n<p>Bedon, F., C. Bomal, S. Caron, C. Levasseur, B. Boyle, S.D. Mansfield, A. Schmidt, J. Gershenzon, J. Grima-Pettenati, <strong>A. S\u00e9guin<\/strong> &amp; <strong>J. MacKay<\/strong>. 2010. <a href=\"http:\/\/jxb.oxfordjournals.org\/content\/61\/14\/3847.short\" target=\"_blank\">Subgroup 4 R2R3-MYBs in conifer trees: gene family expansion and contribution to the isoprenoid- and flavonoid- oriented response.<\/a> Journal of Experimental Botany 61: 3847-3864.<\/p>\n<p>C\u00f4t\u00e9, C.L., F. Boileau, V. Roy, M. Ouellet, C. Levasseur, M.-J. Morency, J.E.K. Cooke, <strong>A. S\u00e9guin<\/strong> &amp; <strong>J.J. MacKay<\/strong>. 2010. <a href=\"http:\/\/www.biomedcentral.com\/1471-2229\/10\/273\" target=\"_blank\">Gene family structure, expression and functional analysis of HD-Zip III genes in angiosperm and gymnosperm forest trees.<\/a> BMC Plant Biology 10: 273 (17p.).<\/p>\n<p>Germain, H. &amp; <strong>A. S\u00e9guin<\/strong>. 2010. <a href=\"http:\/\/onlinelibrary.wiley.com\/doi\/10.1111\/j.1469-8137.2010.03544.x\/full\" target=\"_blank\">Innate immunity: has poplar made its BED?<\/a> New Phytologist 189: 678-687.<\/p>\n<p>Legay, S., P. Sivadon, A.-S. Biervacq, N. Pavy, A. Baghdady, L. Tremblay, C. Levasseur, N. Ladouce, C. Lapierre, <strong>A. S\u00e9guin<\/strong>, S. Hawkins, <strong>J. MacKay<\/strong> &amp; J. Grima-Pettenati. 2010. <a href=\"http:\/\/onlinelibrary.wiley.com\/doi\/10.1111\/j.1469-8137.2010.03432.x\/full\" target=\"_blank\"><i>EgMYB1<\/i>, an R2R3 MYB transcription factor from eucalyptus negatively regulates secondary cell wall formation in <i>Arabidopsis<\/i> and poplar.<\/a> New Phytologist 188: 774-786.<\/p>\n<h1><a name=\"2009\"><\/a><br \/>\n2009<\/h1>\n<p>Bedon, F., C. Levasseur, J. Grima-Pettenati, <strong>A. S\u00e9guin<\/strong> &amp; <strong>J. Mackay<\/strong>. 2009. Sequence analysis and functional characterization of the promoter of the <i>Picea glauca Cinnamyl Alcohol Dehydrogenase<\/i> gene in transgenic white spruce plants. Plant Cell Reports 28: 787-800.<\/p>\n<p>Duplessis, S., I. Major, F. Martin &amp; <strong>A. S\u00e9guin<\/strong>. 2009. Poplar and pathogen interactions: insights from <em>Populus<\/em> genome-wide analyses of resistance and defence gene families and gene expression profiling. Critical Reviews in Plant Science 28: 309-334.<\/p>\n<p>Lev\u00e9e, V., I. Major, C. Levasseur, L. Tremblay, <strong>J. Mackay<\/strong> &amp; <strong>A. S\u00e9guin<\/strong>. 2009. <a href=\"http:\/\/onlinelibrary.wiley.com\/doi\/10.1111\/j.1469-8137.2009.02955.x\/full\" target=\"_blank\">Expression profiling and functional analysis of <i>Populus<\/i> WRKY23 reveals a regulatory role in defense. <\/a>New Phytologist 184: 48-70.<\/p>\n<p>Major, I., M.-C. Nicole, D. Duplessis &amp; <strong>A. S\u00e9guin<\/strong>. 2009. Photosynthetic and respiratory changes in leaves of poplar elicited by rust infection. Photosynthesis Research 104: 41-48.<\/p>\n<p>Zhao, N., B. Boyle, I. Duval, J.-L. Ferrer, H. Lin, <strong>A. S\u00e9guin<\/strong>, <strong>J. Mackay<\/strong> &amp; F. Chen. 2009. SABATH methyltransferases from white spruce (<i>Picea glauca<\/i>): gene cloning, functional characterization and structural analysis. Tree Physiology 29: 947-957.<\/p>\n<h1><a name=\"2008\"><\/a><br \/>\n2008<\/h1>\n<p>Bomal, C., F. Bedon, S. Caron, S.D. Mansfield, C. Levasseur, J.E.K. Cooke, S. Blais, L. Tremblay, M.-J. Morency, N. Pavy, J. Grima-Pettenati, <strong>A. S\u00e9guin<\/strong> &amp; <strong>J. MacKay<\/strong>. 2008. <a href=\"http:\/\/jxb.oxfordjournals.org\/content\/59\/14\/3925.short\" target=\"_blank\">Involvement of <i>Pinus taeda<\/i> MYB1 and MYB8 in phenylpropanoid metabolism and secondary cell wall biogenesis: a comparative in planta analysis.<\/a> Journal of Experimental Botany<i> <\/i>59: 3925-3939.<\/p>\n<h1><a name=\"2007\"><\/a><br \/>\n2007<\/h1>\n<p>Harrison, E.J., M. Bush, J.M. Plett, D.P. McPhee, R. Vitez, B. O&rsquo;Malley, V. Sharma, W. Bosnich, <strong>A. S\u00e9guin<\/strong>, <strong>J. Mackay<\/strong> &amp; S. Regan. 2007. Diverse developmental mutants revealed in an activation-tagged population of poplar. Canadian Journal of Botany 85: 1071-1081.<\/p>\n<p>Legay, S., E. Lacombe, M. Goicoechea, C. Bri\u00e8re, <strong>A. S\u00e9guin<\/strong>, <strong>J. Mackay<\/strong> &amp; J. Grima-Pettenati. 2007. Molecular characterization of <i>EgMYB1<\/i>, a putative transcriptional repressor of the lignin biosynthetic pathway. Plant Science 173: 542-549.<\/p>\n<h1><\/h1>\n<h1><\/h1>\n<h1><a name=\"2004\"><\/a><br \/>\n2004<\/h1>\n<p>Klimaszewska, K., R.G. Rutledge &amp; <strong>A. S\u00e9guin<\/strong>. 2004. Genetic transformation of conifers utilizing somatic embryogenesis. Methods in Molecular Biology 286: 151-163.<\/p>\n<p><strong>Mackay, J.<\/strong>, H. B\u00e9rub\u00e9, S. Regan &amp; <strong>A. S\u00e9guin<\/strong>. 2004. Functional genomics in forest trees: application to the investigation of defense mechanisms and wood formation. <i>In<\/i> Plantation Forest Biotechnology for the 21st Century (C. Walter &amp; M. Carson, Eds). Pp.163-180.<\/p>\n<h1><a name=\"2003\"><\/a><br \/>\n2003<\/h1>\n<p>Mentag, R., M.D. Luckevich, M.-J. Morency &amp; <strong>A. S\u00e9guin<\/strong>. 2003. Bacterial disease resistance of transgenic hybrid poplar expressing the synthetic antimicrobial peptide D4E1. Tree Physiology 23: 405-411.<\/p>\n<p>Sibout, R., A. Eudes, B. Pollet, T. Goujon, I. Mila, F. Granier, <strong>A. S\u00e9guin<\/strong>, C. Lapierre, L. Jouanin. 2003. Expression pattern of two paralogs encoding Cinnamyl Alcohol Dehydrogenases in <em>Arabidopsis<\/em>. Isolation and characterization of the corresponding mutants. Plant Physiology 132: 848-860.<\/p>\n<p>Tian, L., K. Wu, C. Levasseur, T. Ouellet, E. Foster, M. Latoszek-Green, S. Sibbald, B. Miki, <strong>A. S\u00e9guin<\/strong> &amp; D.C.W. Brown. 2003. Activity of elements from the tobacco cryptic promoter, <i>tCUP<\/i>, in conifer tissues. In Vitro Cellular &amp; Development Biology-Plant 39: 193-202.<\/p>\n<h1><a name=\"2001\"><\/a><br \/>\n2001<\/h1>\n<p>Klimaszewska, K., D. Lachance, G. Pelletier, M.-A. Lelu &amp; <strong>A. S\u00e9guin<\/strong>. 2001. Regeneration of transgenic <i>Picea glauca<\/i>, <i>P. mariana<\/i>, and <i>P. abies<\/i> after cocultivation of embryogenic tissue with <i>Agrobacterium tumefaciens<\/i>. In Vitro Cellular &amp; Development Biology-Plant 37: 748-755.<\/p>\n<p>Lapointe, G., M.D. Luckevich, M. Cloutier &amp; <strong>A. S\u00e9guin<\/strong>. 2001. 14-3-3 gene family in hybrid poplar and its involvement in tree defence against pathogens. Journal of Experimental Botany 52: 1331-1338.<\/p>\n<p>Lapointe, G., M.D. Luckevich &amp; <strong>A. S\u00e9guin<\/strong>. 2001. Investigation on the induction of 14-3-3 in white spruce. Plant Cell Reports 20: 79-84.<\/p>\n<p>Lev\u00e9e, V. &amp; <strong>A. S\u00e9guin<\/strong>. 2001. Inducible expression of the heterologous <i>PAL2<\/i> promoter from bean in white pine (<i>Pinus strobus<\/i>) transgenic cells. Tree Physiology 21: 665-672.<\/p>\n<p>Pe\u00f1a, L. &amp; <strong>A. S\u00e9guin<\/strong>. 2001. Recent advances in the genetic transformation of trees. Trends in Biotechnology 19: 500-506.<\/p>\n<p><a name=\"2000\"><\/a><br \/>\n<strong>2000<\/strong><\/p>\n<p>L&rsquo;Homme, Y., <strong>A. S\u00e9guin<\/strong> &amp; F.M. Tremblay. 2000. Different classes of retrotransposons in coniferous spruce species. Genome 43: 1084-1089.<\/p>\n<p>Richard, S., G. Lapointe, R.G. Rutledge &amp; <strong>A. S\u00e9guin<\/strong>. 2000. Induction of chalcone synthase expression in white spruce by wounding and jasmonate. Plant &amp; Cell Physiology 41: 982-987.<\/p>\n<p>Richard, S., M.-J. Morency, C. Drevet, L. Jouanin &amp; <strong>A. S\u00e9guin<\/strong>. 2000. Isolation and characterization of a dehydrin gene from white spruce induced upon wounding, drought and cold stresses. Plant Molecular Biology 43: 1-10.<\/p>\n<p><a name=\"1988\"><\/a><br \/>\n<strong>1988<\/strong><\/p>\n<p>Lalonde, M., L. Simon, <strong>J. Bousquet<\/strong> &amp; <strong>A. S\u00e9guin<\/strong>. 1988. Advances in the taxanomy of <em>Frankia<\/em>: recognition of species <em>Alni<\/em> and <em>Elaeagni<\/em> and novel subspecies <em>Pommerii<\/em> and <em>Vandijkii<\/em>.<em> In<\/em> Nitrogen Fixation: Hundred Years After (H. Bothe, F.J. de Bruijn &amp; W.E. Newton, Eds). Gustav Fisher Verlag, New York. Pp. 671-680.<\/p>\n","protected":false},"excerpt":{"rendered":"<p>2014 Bomal, C., I. Duval, I. Gigu\u00e8re, \u00c9. Fortin, S. Caron, D. Stewart, B. Boyle, A. S\u00e9guin &amp; J.J. MacKay. 2014. Opposite action of R2R3-MYBs from different subgroups on key genes of the shikimate and monolignol pathways in spruce. Journal &hellip; <a href=\"https:\/\/www.genomiqueforestiere.chaire.ulaval.ca\/?page_id=1820\">Continuer la lecture <span class=\"meta-nav\">&rarr;<\/span><\/a><\/p>\n","protected":false},"author":1,"featured_media":0,"parent":0,"menu_order":0,"comment_status":"closed","ping_status":"closed","template":"sidebar-page.php","meta":{"jetpack_post_was_ever_published":false,"footnotes":""},"class_list":["post-1820","page","type-page","status-publish","hentry"],"jetpack_sharing_enabled":true,"jetpack_shortlink":"https:\/\/wp.me\/P3LOEb-tm","_links":{"self":[{"href":"https:\/\/www.genomiqueforestiere.chaire.ulaval.ca\/index.php?rest_route=\/wp\/v2\/pages\/1820","targetHints":{"allow":["GET"]}}],"collection":[{"href":"https:\/\/www.genomiqueforestiere.chaire.ulaval.ca\/index.php?rest_route=\/wp\/v2\/pages"}],"about":[{"href":"https:\/\/www.genomiqueforestiere.chaire.ulaval.ca\/index.php?rest_route=\/wp\/v2\/types\/page"}],"author":[{"embeddable":true,"href":"https:\/\/www.genomiqueforestiere.chaire.ulaval.ca\/index.php?rest_route=\/wp\/v2\/users\/1"}],"replies":[{"embeddable":true,"href":"https:\/\/www.genomiqueforestiere.chaire.ulaval.ca\/index.php?rest_route=%2Fwp%2Fv2%2Fcomments&post=1820"}],"version-history":[{"count":18,"href":"https:\/\/www.genomiqueforestiere.chaire.ulaval.ca\/index.php?rest_route=\/wp\/v2\/pages\/1820\/revisions"}],"predecessor-version":[{"id":4421,"href":"https:\/\/www.genomiqueforestiere.chaire.ulaval.ca\/index.php?rest_route=\/wp\/v2\/pages\/1820\/revisions\/4421"}],"wp:attachment":[{"href":"https:\/\/www.genomiqueforestiere.chaire.ulaval.ca\/index.php?rest_route=%2Fwp%2Fv2%2Fmedia&parent=1820"}],"curies":[{"name":"wp","href":"https:\/\/api.w.org\/{rel}","templated":true}]}}