{"id":1821,"date":"2013-07-25T23:09:29","date_gmt":"2013-07-18T18:53:07","guid":{"rendered":"http:\/\/www.genomiqueforestiere.chaire.ulaval.ca\/?page_id=1821"},"modified":"2019-11-19T19:56:16","modified_gmt":"2019-11-19T18:56:16","slug":"publications-damase-khasa-2","status":"publish","type":"page","link":"https:\/\/www.genomiqueforestiere.chaire.ulaval.ca\/?page_id=1821","title":{"rendered":"Publications \u2013 Damase Khasa"},"content":{"rendered":"<p><a name=\"2019\"><\/a><br \/>\n<strong>2019<\/strong><\/p>\n<p>Tran, H., S. Kanzaki, L. Triest, I. Hormoza, N.J. Kuk, R. Ming, J. Bousquet, D. Khasa &amp; P. Van Damme. 2019. <a href=\"https:\/\/link.springer.com\/content\/pdf\/10.1007\/s10722-019-00837-y.pdf\" target=\"_blank\"><u>Analysis of genetic diversity analysis of lychee (<em>Litchi chinensis<\/em> Sonn.) and wild forest relatives in the Sapindaceae from Vietnam using microsatellites<\/u><\/a>. Genetic Resources and Crop Evolution. 66: 1653-1669.<\/p>\n<p><a name=\"2016\"><\/a><br \/>\n<strong>2016<\/strong><\/p>\n<p>Rasool N., Z.A. Reshi, <strong>D.P. Khasa<\/strong>, M. Roshan &amp; M.A. Shah. 2016. <a href=\"http:\/\/download.springer.com\/static\/pdf\/994\/art%253A10.1186%252Fs13717-016-0054-4.pdf?originUrl=http%3A%2F%2Fecologicalprocesses.springeropen.com%2Farticle%2F10.1186%2Fs13717-016-0054-4&amp;token2=exp=1487362116~acl=%2Fstatic%2Fpdf%2F994%2Fart%25253A10.1186%25252Fs13717-016-0054-4.pdf*~hmac=76a601bccad59d253eb4d9db4694384e3bf2a616e59f5018f4b1f3bf76d02752\" target=\"_blank\"><u><span style=\"color: #0066cc;\">Invasion by <em>Conyza sumatrensis<\/em> alters soil microbial community structure in urban ecosystems.<\/span><\/u><\/a> Ecological Processes 5: 10(10p.).<\/p>\n<p>Omondi, S.F., D.W. Odee, G.O. Ongamo, J.I. Kanya &amp; <strong>D.P. Khasa<\/strong>. 2016. Genetic consequences of anthropogenic disturbances and population fragmentation in <em>Acacia senegal<\/em>. Conservation Genetics 17: 1235\u20131244.<\/p>\n<p><a name=\"2015\"><\/a><br \/>\n<strong>2015<\/strong><\/p>\n<p>Shah, M.A., M.-E. Beaulieu, Z.A. Reshi, S. Qureshi &amp; <strong>D.P. Khasa<\/strong>. 2015. <a href=\"http:\/\/download.springer.com\/static\/pdf\/691\/art%253A10.1186%252Fs13717-015-0034-0.pdf?originUrl=http%3A%2F%2Flink.springer.com%2Farticle%2F10.1186%2Fs13717-015-0034-0&amp;token2=exp=1487362488~acl=%2Fstatic%2Fpdf%2F691%2Fart%25253A10.1186%25252Fs13717-015-0034-0.pdf%3ForiginUrl%3Dhttp%253A%252F%252Flink.springer.com%252Farticle%252F10.1186%252Fs13717-015-0034-0*~hmac=19bcd351c19720cb0b9f304e22ae26b9e807196c19f83379b512b11584654f8a\" target=\"_blank\"><u><span style=\"color: #0066cc;\">A cross-city molecular biogeographic investigation of arbuscular mycorrhizas in Conyza canadensis rhizosphere across native and non-native regions.<\/span><\/u><\/a> Ecological Processes 4: 7(9p.).<\/p>\n<p><a name=\"2014\"><\/a><br \/>\n<strong>2014<\/strong><\/p>\n<p>Bissonnette, C., B. Fahlman, K.M. Peru, <strong>D.P. Khasa<\/strong>, C.W. Greer, J.V. Headley &amp; S. Roy. 2014. Symbiosis with <em>Frankia<\/em> sp. benefits the establishment of <em>Alnus viridis<\/em> ssp. <em>crispa<\/em> and <em>Alnus incana<\/em> ssp. <em>rugosa<\/em> in tailings sand from the Canadian oil sands industry. Ecological Engineering 68: 167-175.<\/p>\n<p>Campagnac, E. &amp; <strong>D.P. Khasa<\/strong>. 2014. Relationship between genetic variability in <em>Rhizophagus irregularis<\/em> and tolerance to saline conditions. Mycorrhiza 24:121-129.<\/p>\n<p>Onwuchekwa, N.E., J.J. Zwiazek, A. Quoreshi &amp; <strong>D.P. Khasa<\/strong>. 2014. Growth of mycorrhizal jack pine (<em>Pinus banksiana<\/em>) and white spruce (<em>Picea glauca<\/em>) seedlings planted in oil sands reclaimed areas. Mycorrhiza 24: 431-441.<\/p>\n<p>Shah, M.A., R.M. Callaway, T. Shah, G.R. Houseman, R.W. Pal, S. Xiao, W. Luo, C. Rosche, Z.A. Reshi, <strong>D.P. Khasa<\/strong> &amp; S. Chen. 2014. <em>Conyza canadensis<\/em> suppresses plant diversity in its nonnative ranges but not at home: a transcontinental comparison. New Phytologist 202: 1286-1296.<\/p>\n<p>Wani, G.A., M.A. Shah, Z.A. Reshi, A.R. Atangana &amp; <strong>D.P. Khasa<\/strong>. 2014. <a href=\"http:\/\/www.bioone.org\/doi\/full\/10.3732\/apps.1300099\" target=\"_blank\">cpDNA microsatellite markers for <em>Lemna mino<\/em>r (Araceae): phylogeographic implications. <\/a>Applications in Plant Sciences 2(7):1300099 (4p.).<\/p>\n<p style=\"text-align: left;\"><a name=\"2013\"><\/a><br \/>\n<strong>2013<\/strong><\/p>\n<p>Jaramillo-Correa, J.P., E. Aguirre-Planter, L.E. Eguiarte, <strong>D.P. Khasa<\/strong> &amp; <strong>J. Bousquet<\/strong>. 2013. Evolution of an ancient microsatellite hotspot in the conifer mitochondrial genome and comparison with other plants. Journal of Molecular Evolution 76: 146-157.<\/p>\n<p>Sene, G., M. Thiao, R. Samba-Mbaye, <strong>D.P. Khasa<\/strong>, A. Kane, M.S. Mbaye, M. Beaulieu, A. Manga &amp; S.N. Sylla. 2013. The abundance and diversity of legume-nodulating rhizobia in 28-year-old plantations of tropical, subtropical, and exotic tree species: a case study from the forest reserve of Bandia, Senegal. Microbial Ecology 65: 128-144.<\/p>\n<h2><a name=\"2012\"><\/a><br \/>\n2012<\/h2>\n<p>Adeleke, R.A., T.E. Cloete, A. Bertrand &amp; <strong>D.P. Khasa<\/strong>. 2012. Iron ore weathering potentials of ectomycorrhizal plants. Mycorrhiza 22: 535-544.<\/p>\n<p>Adeleke, R., T.E. Cloete &amp; <strong>D.P. Khasa<\/strong>. 2012. Culturable microorganisms associated with Sishen iron ore and their potential roles in biobeneficiation. World Journal of Microbiology and Biotechnology 28: 1057-1070.<\/p>\n<p>Aguirre-Planter, E., J.P. Jaramillo-Correa, S. G\u00f3mez-Acevedo, <strong>D.P. Khasa<\/strong>, <strong>J. Bousquet<\/strong> &amp; L.E. Eguiarte. 2012. Phylogeny, diversification rates and species boundaries of Mesoamerican firs (<i>Abies<\/i>, Pinaceae) in a genus-wide context. Molecular Phylogenetics and Evolution 62: 263-274.<\/p>\n<p>Sene, G., R. Samba-Mbaye, M. Thiao, <strong>D.P. Khasa<\/strong>, A. Kane, A. Manga, M.S. Mbaye &amp; S.N. Sylla. 2012. The abundance and diversity of legume-nodulating rhizobia and arbuscular mycorrhizal fungal communities in soil samples from deforested and man-made forest systems in a semiarid Sahel region in Senegal. European Journal of Soil Biology 52: 30-40.<\/p>\n<p>Sene, G., M. Thiao, A. Manga, A. Kane, R. Samba-Mbaye, M.S. Mbaye, <strong>D.P. Khasa<\/strong> &amp; S.N. Sylla. 2012. Arbuscular mycorrhizal soil infectivity and spores distribution across plantations of tropical, subtropical and exotic tree species: a case study from the forest reserve of Bandia, Senegal. African Journal of Ecology 50: 218-232.<\/p>\n<h1><a name=\"2011\"><\/a><br \/>\n2011<\/h1>\n<p>Atangana, A.R., E. van der Vils, <strong>D.P. Khasa<\/strong>, D. van Houten, <strong>J. Beaulieu<\/strong> &amp; H. Hendrickx. 2011. Tree-to-tree variation in stearic and oleic acid content in seed fat from <i>Allanblackia floribunda<\/i> from wild stands: potential for tree breeding. Food Chemistry 126: 1579-1585.<\/p>\n<p>Kone, S.B., I.I. Yattara, H. Antoun, M. Lahbib &amp; <strong>D.P. Khasa<\/strong>. 2011. Microorganismes actifs d\u2019un th\u00e9 de compost de fumier de mouton efficace contre la moisissure grise (<em>Botrytis cinerea<\/em>) de la tomate (<em>Solanum lycopersicum<\/em> L.). Revue Malienne de Science et de Technologie 13: 160-177.<\/p>\n<p>Rochon, C., D. Par\u00e9, N. Pelardy, <strong>D.P. Khasa<\/strong> &amp; J.A. Fortin. 2011. Ecology and productivity of <em>Cantharellus cibarius<\/em> var. <em>roseocanus<\/em> in two eastern canadian jack pine stands. Botany 89: 663-675.<\/p>\n<p>Wei, X.-X., <strong>J. Beaulieu<\/strong>, <strong>D.P. Khasa<\/strong>, J. Vargas-Hernandez, J. Lopez-Upton, B. Jaquish &amp; <strong>J. Bousquet<\/strong>. 2011. Range-wide chloroplast and mitochondrial DNA imprints reveal multiple lineages and complex biogeographic history for Douglas-fir. Tree Genetics &amp; Genomes 7: 1025-1040.<\/p>\n<h1><a name=\"2010\"><\/a><br \/>\n2010<\/h1>\n<p>Adeleke, R., T. Cloete, A. Bertrand &amp; <strong>D.P. Khasa<\/strong>. 2010. Mobilisation of potassium and phosphorus from iron ore by ectomycorrhizal fungi. World Journal of Microbiology and Biotechnology 26: 1901-1913.<\/p>\n<p>Adeleke, R., T. Cloete &amp; <strong>D.P. Khasa<\/strong>. 2010. Isolation and identification of iron ore- solubilising fungus. South African Journal of Science 106: 1-16.<\/p>\n<p>Anderson, C.M., G.J. Aparicio, A.R. Atangana, <strong>J. Beaulieu<\/strong>, &#8230;, <strong>D.P. Khasa<\/strong>, <em>et al<\/em>. 2010. Permanent Genetic Resources added to Molecular Ecology Resources Database 1 December 2009-31 January 2010. Molecular Ecology Ressource 10: 576-579.<\/p>\n<p>Atangana, A.R., <strong>J. Beaulieu<\/strong> &amp; <strong> D.P. Khasa<\/strong>. 2010. Wild genetic diversity preservation in a small-sized first generation breeding population of <i>Allanblackia floribunda<\/i> (Clusiaceae). Tree Genetics &amp; Genomes 6: 127-136.<\/p>\n<p>Lefrancois, E., A. Quoreshi, A., <strong>D.P. Khasa<\/strong>, M. Fung, L.G. Whyte, S. Roy &amp; C.W. Greer. 2010. Field performance of alder-<em>Frankia<\/em> symbionts for the reclamation of oil sands sites. Applied Soil Ecology 46: 183-191.<\/p>\n<p>Meirmans, P.G., M. Lamothe, M.-C. Gros-Louis, <strong>D.P. Khasa<\/strong>, P. P\u00e9rinet, <strong>J. Bousquet<\/strong> &amp; <strong>N. Isabel<\/strong>. 2010. Complex pattern of hybridization between exotic and native North American poplar species. American Journal of Botany 97: 1688-1697.<\/p>\n<p>Omondi, S., E. Kireger, O.G. Dangasuk, B. Chikamai, D.W. Odee, S. Cavers &amp; <strong>D.P. Khasa<\/strong>. 2010. Genetic diversity and population structure of <i>Acacia senegal<\/i> (L.) Willd. in Kenya. Tropical Plant Biology 1: 59-70.<\/p>\n<p>Omondi, S.F., O.G. Dangasuk, D.W. Odee, S. Cavers &amp; <strong>D.P. Khasa<\/strong>. 2010. Cross-amplification and characterization of polymorphic microsatellite markers from <em>Acacia<\/em> (<em>senegalia<\/em>) <em>mellifera<\/em> and <em>Acacia brevispica<\/em> to <em>Acacia senegal<\/em> (L.) willd. Silvae Genetica 59: 285-288.<\/p>\n<p>Sokolski, S., Y. Dalp\u00e9, S. S\u00e9guin,<strong> D.P. Khasa<\/strong>, A. L\u00e9vesque &amp; Y. Pich\u00e9. 2010. Conspecificity of DAOM 197198, the model arbuscular mycorrhizal fungus, with <i>Glomus irregulare<\/i>: molecular evidence with three protein-encoding genes. Botany 88: 829-838.<\/p>\n<h1><a name=\"2009\"><\/a><br \/>\n2009<\/h1>\n<p>Chifflot, V., D. Rivest, A. Olivier, A. Cogliastro &amp; <strong>D.P. Khasa<\/strong>. 2009. Molecular analysis of arbuscular mycorrhizal community structure and spores distribution in tree-based intercropping and forest systems. Agriculture Ecosystems &amp; Environment 131: 32-39.<\/p>\n<p>Jaramillo-Correa, J.P., <strong>J. Beaulieu<\/strong>, <strong>D.P. Khasa<\/strong> &amp; <strong>J. Bousquet<\/strong>. 2009. Inferring the past from the present phylogeographic structure of North American forest trees: seeing the forest for the genes. Canadian Journal of Forest Research 39: 286-307.<\/p>\n<p>Ouinsavi, C., N. Sokpon &amp; <strong>D.P. Khasa<\/strong>. 2009. <a href=\"http:\/\/www.hindawi.com\/journals\/ijfr\/2009\/210179\/abs\/\" target=\"_blank\">Spatial genetic structure and conservation implications of a threatened African species, <i>Milicia excelsa<\/i> using nuclear microsatellites DNA markers.<\/a> International Journal of Forest Research Article ID 210179: 8p.<\/p>\n<p>Rochon, C., D. Par\u00e9, <strong>D.P. Khasa<\/strong> &amp; J.A. Fortin. 2009. Ecology and management of the lobster mushroom in an eastern Canadian jack pine stand. Canadian Journal of Forest Research 39: 2080-2091.<\/p>\n<p>Shah, A.M., A.Z. Reshi &amp; <strong> D.P. Khasa<\/strong>. 2009. Arbuscular mycorrhizal status of some Kashmir Himalayan alien invasive plants. Mycorrhiza 20: 67-72.<\/p>\n<p>Shah, A.M., A.Z. Reshi &amp; <strong> D.P. Khasa<\/strong>. 2009. Arbuscular mycorrhizas: drivers or passengers of alien plant invasion. Botanical Review 75: 397-417.<\/p>\n<h1><a name=\"2008\"><\/a><br \/>\n2008<\/h1>\n<p>Atangana, A.R. &amp; <strong>D.P. Khasa<\/strong>. 2008. Preliminary survey of clonal variation in rooting of <em>Allanblackia floribunda<\/em> leafy stem cuttings. Canadian Journal of Forest Research 38: 10-15.<\/p>\n<p>Jaramillo-Correa, J.P., E. Aguirre-Planter, <strong>D.P. Khasa<\/strong>, L.E. Eguiarte, D. Pinero, G.R. Furnier &amp; <strong>J. Bousquet<\/strong>. 2008. Ancestry and divergence of subtropical montane forest isolates: Molecular biogeography of the genus <i>Abies<\/i> (Pinaceae) in southern Mexico and Guatemala. Molecular Ecology 17: 2476-2490.<\/p>\n<p>Quoreshi, A.M. &amp; <strong>D.P. Khasa<\/strong>. 2008. Effectiveness of mycorrhizal inoculation in the nursery on root colonization, growth, and nutrient uptake of aspen and balsam poplar. Biomass and Bioenergy 32: 381-391.<\/p>\n<p>Quoreshi, A.M., Y. Pich\u00e9 &amp; <strong>D.P. Khasa<\/strong>. 2008. Field performance of conifer and hardwood species 5 years after nursery inoculation in the Canadian Prairie Provinces. New Forests 35: 235-253.<\/p>\n<h1><a name=\"2007\"><\/a><br \/>\n2007<\/h1>\n<p>Quoreshi, A.M., S. Roy, C.W. Greer, M. Fung &amp;<strong> D.P. Khasa<\/strong>. 2007. Inoculation of green alder (<em>Alnus crispa<\/em>) with <em>Frankia<\/em>-ectomycorrhiza fungal inoculant under commercial nursery production conditions. Native Plants Journal 8: 271-281.<\/p>\n<p>Roy, S., <strong>D.P. Khasa<\/strong> &amp; C.W. Greer. 2007. Combining alders, frankiae, and mycorrhizae for the revegetation and remediation of contaminated ecosystems. Canadian Journal of Botany 85: 237-251.<\/p>\n<p><a name=\"2006\"><\/a><\/p>\n<h1>2006<\/h1>\n<p>Atangana, A.R., Z. Tchoundjeu, E.K. Asaah, A.J. Simons &amp; <strong>D.P. Khasa<\/strong>. 2006. Domestication of <em>Allanblackia floribunda<\/em>: amenability to vegetative propagation. Forest Ecology and Management 237: 246-251.<\/p>\n<p>Bois, G., A. Bertrand, Y. Pich\u00e9, M. Fung &amp; <strong>D.P. Khasa<\/strong>. 2006. Growth, compatible solute and salt accumulation of five mycorrhizal fungal species grown over a range of NaCl concentrations. Mycorrhiza 16: 99-109.<\/p>\n<p>Bois, G., F.J. Bigras, A. Bertrand, Y. Pich\u00e9, M.Y.P. Fung &amp; <strong>D.P. Khasa<\/strong>. 2006. Ectomycorrhizal fungi affect the physiological responses of <em>Picea glauca<\/em> and <em>Pinus banksiana<\/em> seedlings exposed to an NaCl gradient. Tree Physiology 26: 1185-1196.<\/p>\n<p>Gagn\u00e9, A., J.-L. Jany, <strong>J. Bousquet<\/strong> &amp; <strong>D.P. Khasa<\/strong>. 2006. Ectomycorrhizal fungal communities of nursery-inoculated seedlings outplanted on clear-cut sites in northern Alberta. Canadian Journal of Forest Research 36: 1684-1694.<\/p>\n<p>Jany, J.-L., <strong>J. Bousquet<\/strong>, A. Gagn\u00e9, <strong>D.P. Khasa<\/strong>. 2006. Simple sequence repeat (SSR) markers in the ectomycorrhizal fungus <i>Laccaria bicolor<\/i> for environmental monitoring of introduced strains and molecular ecology applications. Mycological Research 110: 51-59.<\/p>\n<p><strong>Khasa, D.P.<\/strong>, J.P. Jaramillo-Correa, B. Jaquish &amp; <strong>J. Bousquet<\/strong>. 2006. Contrasting microsatellite variation between subalpine and western larch, two closely related species with different distribution patterns. Molecular Ecology 15: 3907-3918.<\/p>\n<p>Ouinsavi, C., N. Sokpon, <strong>J. Bousquet<\/strong>, C.H. Newton &amp; <strong>D.P. Khasa<\/strong>. 2006. Novel microsatellite DNA markers for the threatened African endemic tree species, <i>Milicia excelsa<\/i> (Moraceae), and cross-species amplification in <i>Milicia regia<\/i>. Molecular Ecology Notes 6: 480-483.<\/p>\n<h1><a name=\"2005\"><\/a><br \/>\n2005<\/h1>\n<p>Bois, G., Y. Pich\u00e9, M.Y.P. Fung &amp; <strong>D.P. Khasa<\/strong>. 2005. Mycorrhizal inoculum potentials of pure reclamation materials and revegetated tailing sands from the Canadian oil sand industry. Mycorrhiza 15: 149-158.<\/p>\n<p><strong>Khasa, D.P.<\/strong>, M. Fung &amp; B. Logan. 2005. Early growth response of container-grown selected woody boreal seedlings in amended composite tailings and tailings sand. Bioresource Technology 96: 857-864.<\/p>\n<p><strong>Khasa, D.P.<\/strong>, P. Pollefeys, A. Navarro-Quezada, P. P\u00e9rinet &amp; <strong> J. Bousquet<\/strong>. 2005. Species-specific microsatellite markers to monitor gene flow between exotic poplars and their natural relatives in eastern North America. Molecular Ecology Notes 5: 920-923.<\/p>\n<p>Lazaruk, L.W., G. Kernaghan, S.E. Macdonald &amp; <strong>D.P. Khasa<\/strong>. 2005. Effects of partial cutting on the ectomycorrhizae of <em>Picea glauca<\/em> forests in northwestern Alberta. Canadian Journal of Forest Research 35: 1442-1454.<\/p>\n<h1><\/h1>\n<h1><a name=\"2003\"><\/a><br \/>\n2003<\/h1>\n<p>Jany, J.-L., <strong>J. Bousquet<\/strong> &amp; <strong>D.P. Khasa<\/strong>. 2003. Microsatellite markers for <i>Hebeloma<\/i> species developed from expressed sequence tags in the ectomycorrhizal fungus <i>Hebeloma cylindrosporum<\/i>. Molecular Ecology Notes 3: 659-661.<\/p>\n<p>Kernaghan, G., L. Sigler &amp; <strong>D.P. Khasa<\/strong>. 2003. Mycorrhizal and root endophytic fungi of containerized <em>Picea glauca<\/em> seedlings assessed by rDNA sequence analysis. Microbial Ecology 452: 128-136.<\/p>\n<p><strong>Khasa, D.P.<\/strong>, S. Nadeem, B. Thomas, A. Robertson &amp; <strong>J. Bousquet<\/strong>. 2003. Application of SSR markers for parentage analysis of <i>Populus<\/i> clones. Forest Genetics 10: 273-281.<\/p>\n<p>Nadeem, S., B. Jaquish, C. Newton &amp; <strong>D.P. Khasa<\/strong>. 2003. Use of diagnostic SSR markers for identification of <em>Larix lyallii<\/em> and<em> L. occidentalis<\/em> (Pinaceae). Edinburgh Journal of Botany 60: 49-56.<\/p>\n<h1><a name=\"2002\"><\/a><br \/>\n2002<\/h1>\n<p>Kernaghan, G., B. Hambling, M. Fung &amp; <strong>D.P. Khasa<\/strong>. 2002. <em>In vitro<\/em> selection of boreal ectomycorrhizal fungi for use in reclamation of saline-alkaline habitats. Restoration Ecology 10: 43-51.<\/p>\n<p><strong><strong>Khasa, D.P.<\/strong><\/strong>, P. Chakravarty, A. Robertson, B.R. Thomas &amp; B.P. Dancik. 2002. The mycorrhizal status of selected poplar clones introduced in Alberta. Biomass and Bioenergy 22: 99-104.<\/p>\n<p><strong>Khasa, D.P.<\/strong>, B. Hambling, G. Kernaghan, M. Fung &amp; E. Ngimbi. 2002. Genetic variability in salt tolerance of selected boreal woody seedlings. Forest Ecology and Management 165: 257-269.<\/p>\n<h1><a name=\"2001\"><\/a><br \/>\n2001<\/h1>\n<p>Hodgetts, R.B., M.A. Aleksiuk, A. Brown, C. Clarke, E. Macdonald, S. Nadeem &amp;<strong> D.P. <\/strong><strong><strong>Khasa<\/strong><\/strong>. 2001. Development of microsatellite markers for white spruce (<em>Picea glauca<\/em>) and related species. Theoretical and Applied Genetics 102: 1252-1258.<\/p>\n<p><strong>Khasa, D.P.<\/strong> &amp; <strong>J. Bousquet<\/strong>. 2001. Multivariate analysis of allozymes and morphometric variability in <em>Racosperma auriculiforme<\/em> and <em>R. mangium<\/em>. Silvae Genetica 50: 191-199.<\/p>\n<p><strong><strong>Khasa, D.P.<\/strong> <\/strong>&amp; A. Callens. 2001. Response of soybean to Bradyrhizobium inoculation and diammonium phosphate fertilization under field conditions in Zaire. East African Agricultural and Forestry Journal 67: 31-35.<\/p>\n<p><strong><strong>Khasa, D.P.<\/strong><\/strong>, L. Sigler, P. Chakravarty, B.P. Dancik, L. Erickson &amp; D. Mc Curdy. 2001. Effect of fertilization on growth and ectomycorrhizal development of container-grown and bare-root nursery conifer seedlings. New Forests 22: 179-197.<\/p>\n<p>Opio, C., N. Jacob &amp; <strong>D.P. Khasa<\/strong>. 2001. Factors affecting a sheep vegetation management system in British Columbia, Canada. Agroforestry Systems 53: 305-312.<\/p>\n<p>Stacy, E.A., S. Dayanandan, B.P. Dancik &amp; <strong>D.P. Khasa<\/strong>. 2001. Microsatellite DNA markers for the Sri Lankan rainforest tree species, <em>Shorea cordifolia<\/em> (Dipterocarpaceae), and cross-species amplification in <em>S. megistophylla<\/em>. Molecular Ecology Notes 1: 53-54.<\/p>\n<p><a name=\"2000\"><\/a><br \/>\n<strong>2000<\/strong><\/p>\n<p><strong><strong>Khasa, D.P.<\/strong><\/strong>, B. Jaquish &amp; B.P. Dancik. 2000. Microsatellite markers for Alpine larch and Western larch. Journal of Sustainable Forestry 10: 51-56.<\/p>\n<p><strong>Khasa, D.P.<\/strong>, C.H. Newton, M.H. Rahman, B. Jaquish &amp; B.P. 2000. Isolation, characterization and inheritance of microsatellite loci in alpine larch and western larch. Genome 43: 439-448.<\/p>\n<p>Rahman, M.H., B. Jaquish &amp; <strong>D.P. Khasa<\/strong>. 2000. Optimization of PCR protocol in microsatellite analysis with silver and SYBR. Plant Molecular Biology Reporter 18: 339-348.<\/p>\n<h1><a name=\"1999\"><\/a><br \/>\n1999<\/h1>\n<p>Chakravarty, P., <strong>D.P. Khasa<\/strong>, B. Dancik, L. Sigler, M. Wichlacz, L.S. Trifonov &amp; W.A. Ayer. 1999. Integrated control of <em>Fusarium<\/em> damping-off in conifer seedlings. Journal of Plant Diseases and Protection 106: 342-352.<\/p>\n<p>Suwarni, E., B.P. Dancik &amp;<strong> D.P. Khasa<\/strong>. 1999. Inheritance of isozyme variants in seed tissues of <em>Pinus merkusii<\/em> Jungh. &amp; De Vriese. Biochemical Genetics 37: 369-375.<\/p>\n<h1><a name=\"1995\"><\/a><br \/>\n1995<\/h1>\n<p><strong>Khasa, D.P.<\/strong> &amp; <strong>J. Bousquet<\/strong>. 1995. D\u00e9veloppement d&rsquo;un programme int\u00e9gr\u00e9 d&rsquo;am\u00e9lioration g\u00e9n\u00e9tique du <em>Racosperma<\/em> spp. pour le reboisement de terres Za\u00efroises. S\u00e9cheresse 6: 281-288.<\/p>\n<p><strong>Khasa, D.P.<\/strong>, P. Li, G. Vall\u00e9e, S. Magnussen &amp; <strong>J. Bousquet<\/strong>. 1995. Early evaluation of <em>Racosperma auriculiforme<\/em> and <em>R. mangium<\/em> provenance trials on four sites in Zaire. Forest Ecology and Management 78: 99-113.<\/p>\n<p><strong>Khasa, D.P.<\/strong>, G. Vall\u00e9e &amp; <strong>J. Bousquet<\/strong>. 1995. Provenance variation in rooting ability of juvenile stem cuttings of <em>Racosperma auriculiforme<\/em> and <em>R. mangium<\/em>. Forest Science 41: 305-320.<\/p>\n<p><strong>Khasa, D.P.<\/strong>, G. Vall\u00e9e, J. B\u00e9langer &amp; <strong>J. Bousquet<\/strong>. 1995. Utilization and management of forest resources in Zaire. Forestry Chronicle 71: 479-488.<\/p>\n<p><strong>Khasa, D.P.<\/strong>, G. Vall\u00e9e, S. Magnussen, C. Camir\u00e9, <strong>J. Bousquet <\/strong>&amp; P. Li. 1995. Performance of five tropical tree species on four sites in Zaire. Commonwealth Forestry Review 74: 129-137.<\/p>\n<h1><a name=\"1994\"><\/a><br \/>\n1994<\/h1>\n<p><strong>Khasa, D.P.<\/strong>, W.M. Cheliak &amp; <strong>J. Bousquet<\/strong>. 1994. Genetic variation in 26 populations of <i>Racosperma auriculiforme<\/i> and <i>R. mangium<\/i> using allozymes. Canadian Journal of Forest Research 24: 1123-1132.<\/p>\n<p><strong>Khasa, D.P.<\/strong>, G. Vall\u00e9e &amp; <strong>J. Bousquet<\/strong>. 1994. Biological considerations in the utilization of <i>Racosperma auriculiforme<\/i> and <i>R. mangium<\/i> in tropical countries with emphasis on Zaire. Journal of Tropical Forest Research 6: 422-443.<\/p>\n<h1><a name=\"1993\"><\/a><br \/>\n1993<\/h1>\n<p><strong>Khasa, D.P.<\/strong>, W.M. Cheliak &amp; <strong>J. Bousquet<\/strong>. 1993. Effects of buffer system pH and tissue storage on starch gel electrophoresis of enzymes from three tropical tree species. Annales des Sciences Foresti\u00e8res 50: 37-56.<\/p>\n<p><strong>Khasa, D.P.<\/strong>, W.M. Cheliak &amp; <strong>J. Bousquet<\/strong>. 1993. Mating system of <i>Racosperma auriculiforme<\/i> in a seed production area in Zaire. Canadian Journal of Botany 71: 779-785.<\/p>\n","protected":false},"excerpt":{"rendered":"<p>2019 Tran, H., S. Kanzaki, L. Triest, I. Hormoza, N.J. Kuk, R. Ming, J. Bousquet, D. Khasa &amp; P. Van Damme. 2019. Analysis of genetic diversity analysis of lychee (Litchi chinensis Sonn.) and wild forest relatives in the Sapindaceae from &hellip; <a href=\"https:\/\/www.genomiqueforestiere.chaire.ulaval.ca\/?page_id=1821\">Continuer la lecture <span class=\"meta-nav\">&rarr;<\/span><\/a><\/p>\n","protected":false},"author":1,"featured_media":0,"parent":0,"menu_order":0,"comment_status":"closed","ping_status":"open","template":"sidebar-page.php","meta":{"jetpack_post_was_ever_published":false,"footnotes":""},"class_list":["post-1821","page","type-page","status-publish","hentry"],"jetpack_sharing_enabled":true,"jetpack_shortlink":"https:\/\/wp.me\/P3LOEb-tn","_links":{"self":[{"href":"https:\/\/www.genomiqueforestiere.chaire.ulaval.ca\/index.php?rest_route=\/wp\/v2\/pages\/1821","targetHints":{"allow":["GET"]}}],"collection":[{"href":"https:\/\/www.genomiqueforestiere.chaire.ulaval.ca\/index.php?rest_route=\/wp\/v2\/pages"}],"about":[{"href":"https:\/\/www.genomiqueforestiere.chaire.ulaval.ca\/index.php?rest_route=\/wp\/v2\/types\/page"}],"author":[{"embeddable":true,"href":"https:\/\/www.genomiqueforestiere.chaire.ulaval.ca\/index.php?rest_route=\/wp\/v2\/users\/1"}],"replies":[{"embeddable":true,"href":"https:\/\/www.genomiqueforestiere.chaire.ulaval.ca\/index.php?rest_route=%2Fwp%2Fv2%2Fcomments&post=1821"}],"version-history":[{"count":16,"href":"https:\/\/www.genomiqueforestiere.chaire.ulaval.ca\/index.php?rest_route=\/wp\/v2\/pages\/1821\/revisions"}],"predecessor-version":[{"id":5219,"href":"https:\/\/www.genomiqueforestiere.chaire.ulaval.ca\/index.php?rest_route=\/wp\/v2\/pages\/1821\/revisions\/5219"}],"wp:attachment":[{"href":"https:\/\/www.genomiqueforestiere.chaire.ulaval.ca\/index.php?rest_route=%2Fwp%2Fv2%2Fmedia&parent=1821"}],"curies":[{"name":"wp","href":"https:\/\/api.w.org\/{rel}","templated":true}]}}