{"id":4029,"date":"2016-02-12T19:12:48","date_gmt":"2015-11-18T15:49:21","guid":{"rendered":"http:\/\/www.genomiqueforestiere.chaire.ulaval.ca\/?page_id=4029"},"modified":"2025-12-02T18:39:16","modified_gmt":"2025-12-02T22:39:16","slug":"publications-ilga-porth-3","status":"publish","type":"page","link":"https:\/\/www.genomiqueforestiere.chaire.ulaval.ca\/?page_id=4029","title":{"rendered":"Publications &#8211; Ilga Porth"},"content":{"rendered":"<p><strong>2025<\/strong><\/p>\n<p>Goessen, R., N. Isabel, C. Wehenkel, L. Touchette, J. Gagn\u00e9, <strong>M. Lamara<\/strong>, E. Gonzales-Vigil, O. Hui, <strong>J. Bousquet<\/strong>, K. Mock, R. Soolanayakanahally &amp; <strong>I. Porth<\/strong>. 2025. <a href=\"https:\/\/academic.oup.com\/treephys\/article\/45\/8\/tpaf087\/8209746\" target=\"_blank\" rel=\"noreferrer noopener\">Characterizing genetic adaptations and plastic stress responses within a transcontinental North American keystone species<\/a>. Tree Physiology 45: tpaf087.<\/p>\n<p>Goessen, R., <strong>N. Isabel<\/strong>, C. Wehenkel, J. Hern\u00e1ndez-Velasco, E. Mendoza-Maya, C. Saenz-Romero, A. Blanco-Garcia, <strong>J. Bousquet<\/strong> &amp; <strong>I. Porth<\/strong>. 2025. <a href=\"https:\/\/onlinelibrary.wiley.com\/doi\/10.1111\/mec.70193\" target=\"_blank\" rel=\"noopener\">Elucidating continental-wide phylogeographic and adaptive processes shaping the genome-wide diversity of North America&rsquo;s most widely distributed tree<\/a>. Molecular Ecology. <em>in press<\/em><\/p>\n<p><strong>2022<\/strong><\/p>\n<p>Goessen, R., <strong>N. Isabel<\/strong>, C. Wehenkel, N. Pavy, I. Gigu\u00e8re, M.-C. Gros-Louis, L. Touchette, J. Laroche, B. Boyle, L. Tischenko, R. Soolanayakanahally, K. Mock, J. Hernandez-Velasco, S.L. Simental-Rodriguez, <strong>J. Bousquet<\/strong> &amp;<strong> I. Porth<\/strong>. 2022. <a href=\"https:\/\/nph.onlinelibrary.wiley.com\/doi\/full\/10.1002\/ppp3.10297\" target=\"_blank\" rel=\"noreferrer noopener\">Coping with environmental constraints: geographically divergent adaptive genetic evolution and germination plasticity in the transcontinental <em>Populus tremuloides<\/em><\/a>. Plant People Planet 4 (17p.) doi:10.1002\/ppp3.10297<\/p>\n<p><a name=\"2018\"><\/a> <strong>2018<\/strong><\/p>\n<p>Gamal El-Dien, O., B.\u00a0Ratcliffe,\u00a0J. Kl\u00e1p\u0161t\u011b,\u00a0<strong>I. Porth<\/strong>, C. Chen &amp; YA. El-Kassaby. 2018.\u00a0<a href=\"https:\/\/link.springer.com\/article\/10.1007\/s11032-018-0784-3#citeas\" target=\"_blank\" rel=\"noopener noreferrer\"><u><span style=\"color: #0066cc;\">Multienvironment genomic variance decomposition analysis of open-pollinated Interior spruce (<em>Picea glauca<\/em>\u00a0x<em>\u00a0engelmanii<\/em>)<\/span><\/u><\/a>.\u00a0Molecular Breeding 38:26 (16 p.). <strong>Porth, I<\/strong>., R. White, B. Jaquish &amp; K. Ritland. 2018.\u00a0<a href=\"http:\/\/onlinelibrary.wiley.com\/doi\/10.1111\/nph.15075\/full\" target=\"_blank\" rel=\"noopener noreferrer\"><u><span style=\"color: #0066cc;\">Partial correlation analysis of transcriptomes helps detangle the growth and defense network in spruce<\/span><\/u><\/a>. New Phytologist\u00a0218:\u00a01349-1359.<\/p>\n<p>Prunier, J., I. Gigu\u00e8re, N. Ryan, R. Guy, R. Soolanayakanahally,\u00a0<strong>N. Isabel<\/strong>,\u00a0<strong>J. MacKay<\/strong>\u00a0&amp;\u00a0<strong>I. Porth<\/strong>. 2018.\u00a0<a href=\"https:\/\/onlinelibrary.wiley.com\/doi\/10.1111\/mec.14836\" target=\"_blank\" rel=\"noopener noreferrer\"><u>Gene copy number variations involved in balsam poplar (<em>Populus balsamifera<\/em>\u00a0L.) adaptive variations<\/u><\/a>. Molecular Ecology 28: 1476-1490.<\/p>\n<p><a name=\"2017\"><\/a> <strong>2017<\/strong><\/p>\n<p>Thistlethwaite, FR., B. Ratcliffe, J. Kl\u00e1p\u0161t\u011b, <strong>I. Porth<\/strong>, C. Chen, MU. Stoehr &amp; YA. El-Kassaby. 2017.\u00a0<a href=\"https:\/\/bmcgenomics.biomedcentral.com\/articles\/10.1186\/s12864-017-4258-5\" target=\"_blank\" rel=\"noopener noreferrer\"><u><span style=\"color: #0066cc;\">Genomic prediction accuracies in space and time for height and wood density of Douglas-fir using exome capture as the genotyping platform<\/span><\/u><\/a>.\u00a0BMC Genomics 18: 930 (16p.).<\/p>\n<p>McKown, AD., J. Kl\u00e1p\u0161t\u011b, RD. Guy, RY. Soolanayakanahally, J. La Mantia, <strong>I. Porth<\/strong>, O. Skyba, F. Unda, CJ. Douglas, YA. El-Kassaby, RC. Hamelin, SD. Mansfield &amp; QCB. Cronk. 2017.\u00a0<a href=\"https:\/\/www.ncbi.nlm.nih.gov\/pubmed\/28500332\" target=\"_blank\" rel=\"noopener noreferrer\"><u><span style=\"color: #0066cc;\">Sexual homomorphism in dioecious trees: extensive tests fail to detect sexual dimorphism in\u00a0<em>Populus<\/em><\/span><\/u><\/a>.\u00a0Scientific Reports 7: 1831 (14p.).<\/p>\n<p>Du, R., S. Niu, Y. Liu, X. Sun,\u00a0<strong>I. Porth<\/strong>, YA. El-Kassaby &amp; W. Li. 2017.\u00a0<a href=\"https:\/\/www.nature.com\/articles\/s41598-017-11859-w\" target=\"_blank\" rel=\"noopener noreferrer\"><u><span style=\"color: #0066cc;\">The gibberellin GID1-DELLA signalling module exists in evolutionary ancient conifers<\/span><\/u><\/a>. Scientific Reports 7: 16637 (11p.). Ratcliffe, B., O. Gamal El-Dien, E.P. Cappa, <strong>I. Porth<\/strong>, J. Kl\u00e1p\u0161t\u011b, C. Chen &amp; Y. A. El-Kassaby. 2017. <a href=\"http:\/\/www.g3journal.org\/content\/ggg\/early\/2017\/01\/22\/g3.116.037895.full.pdf\" target=\"_blank\" rel=\"noopener noreferrer\"><u><span style=\"color: #0066cc;\">Single-step BLUP with varying genotyping effort in open-pollinated <em>Picea glauca<\/em><\/span><\/u><\/a>.\u00a0G3: 7 (33p.).<\/p>\n<p><a name=\"2016\"><\/a> <strong>2016<\/strong><\/p>\n<p><strong>Porth, I.<\/strong>, G. Bull, J. Cool, N. G\u00e9linas &amp; V. Griess. 2016. An Economic Assessment of Genomics Research and Development Initiative Projects in Forestry. CAB Reviews 11: 1-10.<\/p>\n<p>Wang, W., E. Li, <strong>I. Porth<\/strong>, J.-G. Chen, S.D. Mansfield, C.J. Douglas &amp; S. Wang. 2016. Spatially and temporally restricted expression of PtrMYB021 regulates secondary cell wall formation in <em>Arabidopsis<\/em>. Journal of Plant Biology 59:16-23. Gamal El-Dien O., B. Ratcliffe,<\/p>\n<p>J. Kl\u00e1p\u0161t\u011b, <strong>I. Porth<\/strong>, C. Chen &amp; Y. A. El-Kassaby. 2016. <a href=\"http:\/\/www.g3journal.org\/content\/ggg\/6\/3\/743.full.pdf\" target=\"_blank\" rel=\"noopener noreferrer\"><u>Implementation of the realized genomic relationship matrix to open-pollinated white spruce family testing for disentangling additive from nonadditive genetic effects<\/u><\/a>. G3 6: 743-753. Niu S., H. Yuan, X. Sun,<strong> I. Porth<\/strong>, Y. Li, Y.A. El-Kassaby &amp; W. Li. 2016. A transcriptomics investigation into pine reproductive organ development. New Phytologist 209: 1278-1289.<\/p>\n<p><strong>Porth, I.<\/strong>, P. Garnier-Gere, J. Kl\u00e1p\u0161t\u011b, C. Scotti-Saintagne, Y.A. El-Kassaby, K. Burg &amp; A. Kremer. 2016. Species-specific alleles at a \u03b2-tubulin gene show significant associations with leaf morphological variation within <em>Quercus petraea<\/em> and <em>Q. robur<\/em> populations. Tree Genetics and Genomes 12: 81.<\/p>\n<p><a name=\"2015\"><\/a> <strong>2015<\/strong><\/p>\n<p><strong>Porth, I.<\/strong>, G. Bull, S. Ahmed, Y.A. El-Kassaby &amp; M. Boyland. 2015. Forest genomics research and development in Canada: Priorities for developing an economic framework. Forestry Chronicle 91: 60-70.<\/p>\n<p>Ratcliffe, B., O.G. El-Dien, J. Kl\u00e1p\u0161t\u011b, <strong>I. Porth<\/strong>, C. Chen, B. Jaquish &amp; Y.A. El-Kassaby. 2015. A comparison of genomic selection models across time in interior spruce (<em>Picea engelmannii x glauca<\/em>) using unordered SNP imputation methods. Heredity 115: 547-555.<\/p>\n<p><strong>Porth, I.<\/strong> &amp; Y.A. El-Kassaby. 2015. Using <em>Populus<\/em> as a lignocellulosic feedstock for bioethanol. Biotechnology Journal 10: 510-524.<\/p>\n<p>Muchero, W., J. Guo, S.P. DiFazio, J.-G. Chen, P. Ranjan, G.T. Slavov, L.E. Gunter, S. Jawdy, A.C. Bryan, R. Sykes, A. Ziebell, J. Klapste, <strong>I. Porth<\/strong>, O. Skyba, F. Unda, Y.A. El-Kassaby, C.J. Douglas, S.D. Mansfield, J. Martin, W. Schackwitz, L.M. Evans, O. Czarnecki &amp; G.A. Tuskan. 2015. <a href=\"http:\/\/download.springer.com\/static\/pdf\/741\/art%253A10.1186%252Fs12864-015-1215-z.pdf?originUrl=http%3A%2F%2Fbmcgenomics.biomedcentral.com%2Farticle%2F10.1186%2Fs12864-015-1215-z&amp;token2=exp=1487274954~acl=%2Fstatic%2Fpdf%2F741%2Fart%25253A10.1186%25252Fs12864-015-1215-z.pdf*~hmac=dfaa4430a97d2d10816959f119aecbbdc5f120e6813401baf22290f4a1337133\" target=\"_blank\" rel=\"noopener noreferrer\"><u><span style=\"color: #0066cc;\">High-resolution genetic mapping of allelic variants associated with cell wall chemistry in <em>Populus<\/em><\/span><\/u><\/a>. BMC Genomics, 16: 24.<\/p>\n<p><strong>Porth, I.<\/strong>, J. Kl\u00e1p\u0161t\u011b, A.D. McKown, J. La Mantia, R.D. Guy, P.K. Ingvarsson, R. Hamelin, S.D. Mansfield, J. Ehlting, C.J. Douglas &amp; Y.A. El-Kassaby. 2015. <a href=\"http:\/\/journals.plos.org\/plosone\/article?id=10.1371\/journal.pone.0142864\" target=\"_blank\" rel=\"noopener noreferrer\"><u><span style=\"color: #0066cc;\">Evolutionary quantitative genomics of <em>Populus trichocarpa<\/em>.<\/span><\/u><\/a> PLoS ONE 10(11): e0142864 (25p.).<\/p>\n<p>Gamal El-Dien O., B. Ratcliffe, J. Kl\u00e1p\u0161t\u011b, C. Chen, <strong>I. Porth<\/strong> &amp; Y.A. El-Kassaby. 2015. <a href=\"http:\/\/download.springer.com\/static\/pdf\/929\/art%253A10.1186%252Fs12864-015-1597-y.pdf?originUrl=http%3A%2F%2Fbmcgenomics.biomedcentral.com%2Farticle%2F10.1186%2Fs12864-015-1597-y&amp;token2=exp=1487272190~acl=%2Fstatic%2Fpdf%2F929%2Fart%25253A10.1186%25252Fs12864-015-1597-y.pdf*~hmac=00a6398b195625626545e2449fa426277539c201c7f4a7938f425e5a62138944\" target=\"_blank\" rel=\"noopener noreferrer\"><u><span style=\"color: #0066cc;\">Prediction accuracies for growth and wood attributes of interior spruce in space using genotyping-by-sequencing<\/span><\/u><\/a>. BMC Genomics 16: 370.<\/p>\n","protected":false},"excerpt":{"rendered":"<p>2025 Goessen, R., N. Isabel, C. Wehenkel, L. Touchette, J. Gagn\u00e9, M. Lamara, E. Gonzales-Vigil, O. Hui, J. Bousquet, K. Mock, R. Soolanayakanahally &amp; I. Porth. 2025. Characterizing genetic adaptations and plastic stress responses within a transcontinental North American keystone &hellip; <a href=\"https:\/\/www.genomiqueforestiere.chaire.ulaval.ca\/?page_id=4029\">Continuer la lecture <span class=\"meta-nav\">&rarr;<\/span><\/a><\/p>\n","protected":false},"author":2,"featured_media":0,"parent":0,"menu_order":0,"comment_status":"closed","ping_status":"closed","template":"sidebar-page.php","meta":{"jetpack_post_was_ever_published":false,"footnotes":""},"class_list":["post-4029","page","type-page","status-publish","hentry"],"jetpack_sharing_enabled":true,"jetpack_shortlink":"https:\/\/wp.me\/P3LOEb-12Z","_links":{"self":[{"href":"https:\/\/www.genomiqueforestiere.chaire.ulaval.ca\/index.php?rest_route=\/wp\/v2\/pages\/4029","targetHints":{"allow":["GET"]}}],"collection":[{"href":"https:\/\/www.genomiqueforestiere.chaire.ulaval.ca\/index.php?rest_route=\/wp\/v2\/pages"}],"about":[{"href":"https:\/\/www.genomiqueforestiere.chaire.ulaval.ca\/index.php?rest_route=\/wp\/v2\/types\/page"}],"author":[{"embeddable":true,"href":"https:\/\/www.genomiqueforestiere.chaire.ulaval.ca\/index.php?rest_route=\/wp\/v2\/users\/2"}],"replies":[{"embeddable":true,"href":"https:\/\/www.genomiqueforestiere.chaire.ulaval.ca\/index.php?rest_route=%2Fwp%2Fv2%2Fcomments&post=4029"}],"version-history":[{"count":21,"href":"https:\/\/www.genomiqueforestiere.chaire.ulaval.ca\/index.php?rest_route=\/wp\/v2\/pages\/4029\/revisions"}],"predecessor-version":[{"id":6139,"href":"https:\/\/www.genomiqueforestiere.chaire.ulaval.ca\/index.php?rest_route=\/wp\/v2\/pages\/4029\/revisions\/6139"}],"wp:attachment":[{"href":"https:\/\/www.genomiqueforestiere.chaire.ulaval.ca\/index.php?rest_route=%2Fwp%2Fv2%2Fmedia&parent=4029"}],"curies":[{"name":"wp","href":"https:\/\/api.w.org\/{rel}","templated":true}]}}