{"id":42,"date":"2013-03-09T06:07:24","date_gmt":"2013-03-09T01:07:24","guid":{"rendered":"http:\/\/www.philippelanglois.com\/chaire_dev\/?page_id=42"},"modified":"2024-06-17T10:43:08","modified_gmt":"2024-06-17T14:43:08","slug":"graduate-students","status":"publish","type":"page","link":"https:\/\/www.genomiqueforestiere.chaire.ulaval.ca\/?page_id=42","title":{"rendered":"Graduate students"},"content":{"rendered":"\n<h1>Ph.D. students<\/h1>\n<p><a class=\"lbp-inline-link-5\" href=\"#\">Roos Goessen<\/a><\/p>\n<div style=\"display: none;\">\n<div id=\"lbp-inline-href-5\" style=\"padding: 10px; background: #fff;\">\n<h1><strong>Roos Goessen<\/strong><\/h1>\n<p><img loading=\"lazy\" decoding=\"async\" class=\"alignnone size-full wp-image-654\" src=\"http:\/\/www.genomiqueforestiere.chaire.ulaval.ca\/wp-content\/uploads\/2018\/10\/RoosGoessen.jpg\" alt=\"RoosGoessen\" width=\"142\" height=\"145\"><\/p>\n<p><span style=\"text-decoration: underline;\">Research project:<\/span><br>Adaptation to local climate and soil in <em>Populus tremuloides<\/em> (quaking aspen), a keystone North American tree species<\/p>\n<p><span style=\"text-decoration: underline;\">Contact information:<\/span><br>1030 avenue de la m\u00e9decine<br>Pavillon Charles-Eug\u00e8ne-Marchand, room 2255<br>Universit\u00e9 Laval<br>Qu\u00e9bec (Qc) Canada G1V 0A6<\/p>\n<p><a href=\"mailto:roosgoessen@hotmail.com\">roosgoessen@hotmail.com<\/a><\/p>\n<\/div>\n<\/div>\n<p><a class=\"lbp-inline-link-7\" href=\"#\">Iman Rashidi<\/a><\/p>\n<div style=\"display: none;\">\n<div id=\"lbp-inline-href-7\" style=\"padding: 10px; background: #fff;\">\n<h1><strong>Iman Rashidi<\/strong><\/h1>\n<p><img loading=\"lazy\" decoding=\"async\" class=\"alignnone size-full wp-image-654\" src=\"http:\" alt=\"Iman Rashidi\" width=\"142\" height=\"145\"><\/p>\n<p><span style=\"text-decoration: underline;\">Research project:<\/span><\/p>\n<p><span style=\"text-decoration: underline;\">Contact information:<\/span><\/p>\n<p><a href=\"mailto:iman.rashidijouybari.1@ulaval.ca\">iman.rashidijouybari.1@ulaval.ca<\/a><\/p>\n<\/div>\n<\/div>\n<p><a class=\"lbp-inline-link-8\" href=\"#\">Nesrine Tlili<\/a><\/p>\n<div style=\"display: none;\">\n<div id=\"lbp-inline-href-8\" style=\"padding: 10px; background: #fff;\">\n<h1><strong>Nesrine Tlili<\/strong><\/h1>\n<p><img loading=\"lazy\" decoding=\"async\" class=\"alignnone size-full wp-image-654\" src=\"https:\/\/www.genomiqueforestiere.chaire.ulaval.ca\/wp-content\/uploads\/2024\/01\/nesrine-tlili.jpg\" alt=\"Nesrine Tlili\" width=\"142\" height=\"145\" \/><\/p>\n<p><span style=\"text-decoration: underline;\">Research project:<\/span><br \/>Genetics and physiology of drought in white spruce<\/p>\n<p><span style=\"text-decoration: underline;\">Contact:<\/span><br \/>445, boulevard de l&rsquo;Universit\u00e9\n<br \/>Universit\u00e9 du Qu\u00e9bec en Abitibi-T\u00e9miscamingue<br \/>Rouyn-Noranda (Qc) J9X 5E4<\/p>\n<p><a href=\"mailto:nesrine.tlili@uqat.ca\">nesrine.tlili@uqat.ca<\/a><\/p>\n<\/div>\n<\/div>\n<h1>M.Sc. students<\/h1>\n<p><a class=\"lbp-inline-link-4\" href=\"#\">Juliette Bourgeois<\/a><\/p>\n<div style=\"display: none;\">\n<div id=\"lbp-inline-href-4\" style=\"padding: 10px; background: #fff;\">\n<h1><strong>Juliette Bourgeois<\/strong><\/h1>\n<p><img loading=\"lazy\" decoding=\"async\" class=\"alignnone size-full wp-image-654\" src=\"https:\/\/www.genomiqueforestiere.chaire.ulaval.ca\/wp-content\/uploads\/2024\/06\/Juliette_Bourgeois-scaled.jpg\" alt=\"Juliette Bourgeois\" width=\"142\" height=\"145\" \/><\/p>\n<p><span style=\"text-decoration: underline;\">Research project:<\/span><br \/><\/p>\n<p><span style=\"text-decoration: underline;\">Contact information:<\/span><br \/>1030 avenue de la m\u00e9decine<br \/>Pavillon Charles-Eug\u00e8ne-Marchand, room 2145<br \/>Universit\u00e9 Laval<br \/>Qu\u00e9bec (Qc) Canada G1V 0A6<\/p>\n<p><a href=\"mailto:juliette. bourgeois.2@ulaval.ca\">juliette.bourgeois.2@ulaval.ca<\/a><\/p>\n<\/div>\n<\/div>\n<p><a class=\"lbp-inline-link-3\" href=\"#\">Edouard Desaulniers<\/a><\/p>\n<div style=\"display: none;\">\n<div id=\"lbp-inline-href-3\" style=\"padding: 10px; background: #fff;\">\n<h1><strong>Edouard Desaulniers<\/strong><\/h1>\n<p><img loading=\"lazy\" decoding=\"async\" class=\"alignnone size-full wp-image-654\" src=\"https:\/\/www.genomiqueforestiere.chaire.ulaval.ca\/wp-content\/uploads\/2022\/11\/photo_edouard.jpg\" alt=\"Edouard Desaulniers\" width=\"142\" height=\"145\" \/><\/p>\n<p><span style=\"text-decoration: underline;\">Research project:<\/span><br \/><\/p>\n<p><span style=\"text-decoration: underline;\">Contact information:<\/span><br \/>1030 avenue de la m\u00e9decine<br \/>Pavillon Charles-Eug\u00e8ne-Marchand, room 2145<br \/>Universit\u00e9 Laval<br \/>Qu\u00e9bec (Qc) Canada G1V 0A6<\/p>\n<p><a href=\"mailto:edouard.desaulniers.1@ulaval.ca\">edouard.desaulniers.1@ulaval.ca<\/a><\/p>\n<\/div>\n<\/div>\n<p><a class=\"lbp-inline-link-1\" href=\"#\">Vincent Quevillon<\/a><\/p>\n<div style=\"display: none;\">\n<div id=\"lbp-inline-href-1\" style=\"padding: 10px; background: #fff;\">\n<h1><strong>Vincent Quevillon<\/strong><\/h1>\n<p><img loading=\"lazy\" decoding=\"async\" class=\"alignnone size-full wp-image-654\" src=\"https:\/\/www.genomiqueforestiere.chaire.ulaval.ca\/wp-content\/uploads\/2024\/01\/Vincent-Quevillon.jpg\" alt=\"Vincent Quevillon\" width=\"142\" height=\"145\" \/><\/p>\n<p><span style=\"text-decoration: underline;\">Research project:<\/span><br \/>Black spruce ecogenomics in a context of climate change<\/p>\n<p><span style=\"text-decoration: underline;\">Contact:<\/span><br \/>1030 avenue de la m\u00e9decine<br \/>Pavillon Charles-Eug\u00e8ne-Marchand, room 2145<br \/>Universit\u00e9 Laval<br \/>Qu\u00e9bec (Qc) Canada G1V 0A6<\/p>\n<p><a href=\"mailto:vincent.quevillon.1@ulaval.ca\">vincent.quevillon.1@ulaval.ca<\/a><\/p>\n<\/div>\n<\/div> \n<p><a class=\"lbp-inline-link-9\" href=\"#\">Edouard Reed-M\u00e9tayer<\/a><\/p>\n<div style=\"display: none;\">\n<div id=\"lbp-inline-href-9\" style=\"padding: 10px; background: #fff;\">\n<h1><strong>Edouard Reed-M\u00e9tayer<\/strong><\/h1>\n<p><img loading=\"lazy\" decoding=\"async\" class=\"alignnone size-full wp-image-654\" src=\"http:\/\/www.genomiqueforestiere.chaire.ulaval.ca\/wp-content\/uploads\/2020\/05\/Edouard_Reed-Metayer.jpg\" alt=\"Edouard Reed-M\u00e9tayer\" width=\"142\" height=\"145\"><\/p>\n<p><span style=\"text-decoration: underline;\">Research project:<\/span><br>Genetic diversity of the hybrid complex <em>Picea mariana x P. rubens<\/em><\/p>\n<p><span style=\"text-decoration: underline;\">Contact information:<\/span><br>1030 avenue de la m\u00e9decine<br>Pavillon Charles-Eug\u00e8ne-Marchand, room<br>Universit\u00e9 Laval<br>Qu\u00e9bec (Qc) Canada G1V 0A6<\/p>\n<p><a href=\"mailto:edouard.reed-metayer.1@ulaval.ca\">edouard.reed-metayer.1@ulaval.ca<\/a><\/p>\n<\/div>\n<\/div>\n<p><a class=\"lbp-inline-link-2\" href=\"#\">Mariana Souza da Silva<\/a><\/p>\n<div style=\"display: none;\">\n<div id=\"lbp-inline-href-2\" style=\"padding: 10px; background: #fff;\">\n<h1><strong>Mariana Souza da Silva<\/strong><\/h1>\n<p><img loading=\"lazy\" decoding=\"async\" class=\"alignnone size-full wp-image-654\" src=\"https:\/\/www.genomiqueforestiere.chaire.ulaval.ca\/wp-content\/uploads\/2021\/04\/mariana.jpg\" alt=\"Mariana Souza da Silva\" width=\"142\" height=\"145\" \/><\/p>\n<p><span style=\"text-decoration: underline;\">Research project:<\/span><br \/>Genomic-based predictions in white spruce<\/p>\n<p><span style=\"text-decoration: underline;\">Contact information:<\/span><br \/>1030 avenue de la m\u00e9decine<br \/>Pavillon Charles-Eug\u00e8ne-Marchand, room 2145<br \/>Universit\u00e9 Laval<br \/>Qu\u00e9bec (Qc) Canada G1V 0A6<\/p>\n<p><a href=\"mailto:mariana.souza-da-silva.1@ulaval.ca\">mariana.souza-da-silva.1@ulaval.ca<\/a><\/p>\n<\/div>\n<\/div>\n<p>&nbsp;<\/p>\n<div style=\"display: none;\">\n<p><a class=\"lbp-inline-link-1\" href=\"#\">Mebarek Lamara<\/a><\/p>\n<div style=\"display: none;\">\n<div id=\"lbp-inline-href-1\" style=\"padding: 10px; background: #fff;\">\n<h1><strong>Mebarek Lamara<\/strong><\/h1>\n<p><img loading=\"lazy\" decoding=\"async\" class=\"alignnone size-full wp-image-654\" src=\"http:\/\/www.genomiqueforestiere.chaire.ulaval.ca\/wp-content\/uploads\/2013\/06\/MebarekLamara1.jpg\" alt=\"MebarekLamara\" width=\"142\" height=\"145\"><\/p>\n<p><span style=\"text-decoration: underline;\">Research project:<\/span><br>Discovery of genetic markers for wood traits in white spruce<\/p>\n<p><span style=\"text-decoration: underline;\">Contact information:<\/span><br>1030 avenue de la m\u00e9decine<br>Pavillon Charles-Eug\u00e8ne-Marchand, room 2145<br>Universit\u00e9 Laval<br>Qu\u00e9bec (Qc) Canada G1V 0A6<\/p>\n<p><a href=\"mailto:mebarek.lamara.1@ulaval.ca\">mebarek.lamara.1@ulaval.ca<\/a><\/p>\n<\/div>\n<\/div>\n<p><a class=\"lbp-inline-link-4\" href=\"#\">Justine Laou\u00e9<\/a><\/p>\n<div style=\"display: none;\">\n<div id=\"lbp-inline-href-4\" style=\"padding: 10px; background: #fff;\">\n<h1><strong>Justine Laou\u00e9<\/strong><\/h1>\n<p><img loading=\"lazy\" decoding=\"async\" class=\"alignnone size-full wp-image-654\" src=\"http:\/\/www.genomiqueforestiere.chaire.ulaval.ca\/wp-content\/uploads\/2017\/02\/JustineLaoue.jpg\" alt=\"Justine Laou\u00e9\" width=\"142\" height=\"145\"><\/p>\n<p><span style=\"text-decoration: underline;\">Research project:<\/span><br>Genomics of resistance to hydric stress in white spruce<\/p>\n<p><span style=\"text-decoration: underline;\">Contact information:<\/span><br>1030 avenue de la m\u00e9decine<br>Pavillon Charles-Eug\u00e8ne-Marchand, room 2145<br>Universit\u00e9 Laval<br>Qu\u00e9bec (Qc) Canada G1V 0A6<\/p>\n<p><a href=\"mailto:justine.laoue.1@ulaval.ca\">justine.laoue.1@ulaval.ca<\/a><\/p>\n<\/div>\n<\/div>\n<p><a class=\"lbp-inline-link-8\" href=\"#\">Jean-Philippe Laverdi\u00e8re<\/a><\/p>\n<div style=\"display: none;\">\n<div id=\"lbp-inline-href-8\" style=\"padding: 10px; background: #fff;\">\n<h1><strong>Jean-Philippe Laverdi\u00e8re<\/strong><\/h1>\n<p><img loading=\"lazy\" decoding=\"async\" class=\"alignnone size-full wp-image-654\" src=\"http:\/\/www.genomiqueforestiere.chaire.ulaval.ca\/wp-content\/uploads\/2019\/05\/JP-Laverdiere1.jpg\" alt=\"Jean-Philippe Laverdi\u00e8re\" width=\"142\" height=\"145\"><\/p>\n<p><span style=\"text-decoration: underline;\">Research project:<\/span><br>Quantitative genetics of drought adaptation in white spruce<\/p>\n<p><span style=\"text-decoration: underline;\">Contact information:<\/span><br>1030 avenue de la m\u00e9decine<br>Pavillon Charles-Eug\u00e8ne-Marchand, room<br>Universit\u00e9 Laval<br>Qu\u00e9bec (Qc) Canada G1V 0A6<\/p>\n<p><a href=\"mailto:jean-philippe.laverdiere.2@ulaval.ca\">jean-philippe.laverdiere.2@ulaval.ca<\/a><\/p>\n<\/div>\n<\/div>\n","protected":false},"excerpt":{"rendered":"<p>Ph.D. students Roos Goessen Roos Goessen Research project:Adaptation to local climate and soil in Populus tremuloides (quaking aspen), a keystone North American tree species Contact information:1030 avenue de la m\u00e9decinePavillon Charles-Eug\u00e8ne-Marchand, room 2255Universit\u00e9 LavalQu\u00e9bec (Qc) Canada G1V 0A6 roosgoessen@hotmail.com Iman &hellip; <a href=\"https:\/\/www.genomiqueforestiere.chaire.ulaval.ca\/?page_id=42\">Continuer la lecture <span class=\"meta-nav\">&rarr;<\/span><\/a><\/p>\n","protected":false},"author":1,"featured_media":0,"parent":0,"menu_order":0,"comment_status":"closed","ping_status":"closed","template":"sidebar-page.php","meta":{"jetpack_post_was_ever_published":false,"footnotes":""},"class_list":["post-42","page","type-page","status-publish","hentry"],"jetpack_sharing_enabled":true,"jetpack_shortlink":"https:\/\/wp.me\/P3LOEb-G","_links":{"self":[{"href":"https:\/\/www.genomiqueforestiere.chaire.ulaval.ca\/index.php?rest_route=\/wp\/v2\/pages\/42","targetHints":{"allow":["GET"]}}],"collection":[{"href":"https:\/\/www.genomiqueforestiere.chaire.ulaval.ca\/index.php?rest_route=\/wp\/v2\/pages"}],"about":[{"href":"https:\/\/www.genomiqueforestiere.chaire.ulaval.ca\/index.php?rest_route=\/wp\/v2\/types\/page"}],"author":[{"embeddable":true,"href":"https:\/\/www.genomiqueforestiere.chaire.ulaval.ca\/index.php?rest_route=\/wp\/v2\/users\/1"}],"replies":[{"embeddable":true,"href":"https:\/\/www.genomiqueforestiere.chaire.ulaval.ca\/index.php?rest_route=%2Fwp%2Fv2%2Fcomments&post=42"}],"version-history":[{"count":51,"href":"https:\/\/www.genomiqueforestiere.chaire.ulaval.ca\/index.php?rest_route=\/wp\/v2\/pages\/42\/revisions"}],"predecessor-version":[{"id":6031,"href":"https:\/\/www.genomiqueforestiere.chaire.ulaval.ca\/index.php?rest_route=\/wp\/v2\/pages\/42\/revisions\/6031"}],"wp:attachment":[{"href":"https:\/\/www.genomiqueforestiere.chaire.ulaval.ca\/index.php?rest_route=%2Fwp%2Fv2%2Fmedia&parent=42"}],"curies":[{"name":"wp","href":"https:\/\/api.w.org\/{rel}","templated":true}]}}