{"id":4428,"date":"2017-02-20T17:11:53","date_gmt":"2017-02-20T16:11:53","guid":{"rendered":"http:\/\/www.genomiqueforestiere.chaire.ulaval.ca\/?page_id=4428"},"modified":"2022-07-29T14:48:24","modified_gmt":"2022-07-29T18:48:24","slug":"university-and-adjunct-professors","status":"publish","type":"page","link":"https:\/\/www.genomiqueforestiere.chaire.ulaval.ca\/?page_id=4428","title":{"rendered":"University and Adjunct Professors"},"content":{"rendered":"<p><a class=\"lbp-inline-link-1\" href=\"#\">Jean Bousquet<\/a><\/p>\n<div style=\"display: none;\">\n<div id=\"lbp-inline-href-1\" style=\"padding: 10px; background: #fff;\">\n<h1><strong>Jean Bousquet<\/strong><\/h1>\n<p><img loading=\"lazy\" decoding=\"async\" class=\"alignnone size-full wp-image-654\" src=\"http:\/\/www.genomiqueforestiere.chaire.ulaval.ca\/wp-content\/uploads\/2016\/01\/JeanBousquet2016-294x300.jpg\" alt=\"JeanBousquet2016\" width=\"142\" height=\"145\"><\/p>\n<p><strong>Professor and Chair director<\/strong><br \/>\nCentre for Forest Research (CFR)<br \/>\nFaculty of Forestry, Geography and Geomatics (FFGG)<br \/>\nInstitut de biologie int\u00e9grative et des syst\u00e8mes (IBIS)<\/p>\n<p><span style=\"text-decoration: underline;\">Research fields:<\/span><br \/>\nPopulation, evolutionary and comparative genomics<\/p>\n<p><span style=\"text-decoration: underline;\">Contact informations:<\/span><br \/>\n1030 avenue de la m\u00e9decine<br \/>\nPavillon Charles-Eug\u00e8ne-Marchand, room 2267<br \/>\nUniversit\u00e9 Laval<br \/>\nQu\u00e9bec (Qc) Canada G1V 0A6<\/p>\n<p>Phone: (418) 656-3493<br \/>\nFax: (418) 656-7493<br \/>\n<a href=\"mailto:jean.bousquet@sbf.ulaval.ca\">jean.bousquet@sbf.ulaval.ca<\/a><\/p>\n<p><a href=\"http:\/\/www.genomiqueforestiere.chaire.ulaval.ca\/?page_id=1823\">Publications<\/a><\/p>\n<\/div>\n<\/div>\n<p><a class=\"lbp-inline-link-2\" href=\"#\">Jean Beaulieu<\/a><\/p>\n<div style=\"display: none;\">\n<div id=\"lbp-inline-href-2\" style=\"padding: 10px; background: #fff;\">\n<h1><strong>Jean Beaulieu<\/strong><\/h1>\n<p><img loading=\"lazy\" decoding=\"async\" class=\"alignnone size-full wp-image-654\" src=\"http:\/\/www.genomiqueforestiere.chaire.ulaval.ca\/wp-content\/uploads\/2013\/06\/Jean-Beaulieu1.jpg\" alt=\"Jean-Beaulieu\" width=\"142\" height=\"145\"><\/p>\n<p><strong>Invited professor<\/strong><br \/>\nFaculty of Forestry, Geography and Geomatics (FFGG)<\/p>\n<p>and<\/p>\n<p><strong>Researcher Emeritus<\/strong><br \/>\nNatural Resources Canada (NRC)<br \/>\nCanadian Forest Service (CFS)<\/p>\n<p><span style=\"text-decoration: underline;\">Research fields:<\/span><br \/>\nQuantitative genetics, population genomics and genomic selection<\/p>\n<p><span style=\"text-decoration: underline;\">Contact information:<\/span><br \/>\n1030 avenue de la m\u00e9decine<br \/>\nPavillon Charles-Eug\u00e8ne-Marchand, room 2251<br \/>\nUniversit\u00e9 Laval<br \/>\nQu\u00e9bec (Qc) Canada G1V 0A6<\/p>\n<p>Phone: (418) 656-3493<br \/>\nFax: (418) 656-7493<br \/>\n<a href=\"mailto:Jean.Beaulieu@canada.ca\">Jean.Beaulieu@canada.ca<\/a><\/p>\n<p><a href=\"http:\/\/www.genomiqueforestiere.chaire.ulaval.ca\/?page_id=1822\">Publications<\/a><\/p>\n<\/div>\n<\/div>\n<p><a class=\"lbp-inline-link-3\" href=\"#\">Nathalie Isabel<\/a><\/p>\n<div style=\"display: none;\">\n<div id=\"lbp-inline-href-3\" style=\"padding: 10px; background: #fff;\">\n<h1><strong>Nathalie Isabel<\/strong><\/h1>\n<p><img loading=\"lazy\" decoding=\"async\" class=\"alignnone size-full wp-image-654\" src=\"http:\/\/www.genomiqueforestiere.chaire.ulaval.ca\/wp-content\/uploads\/2015\/11\/Nathalie_2_8183-4x5.jpg\" alt=\"Nathalie\" width=\"142\" height=\"145\"><\/p>\n<p><strong>Adjunct professor and research scientist<\/strong><br \/>\nNatural Resources Canada (NRC)<br \/>\nCanadian Forest Service (CFS)<\/p>\n<p><span style=\"text-decoration: underline;\">Research fields:<\/span><br \/>\nStructural and comparative functional genomics<\/p>\n<p><span style=\"text-decoration: underline;\">Contact information:<\/span><br \/>\n1055 rue du P.E.P.S., Postal Box 10380, Station Sainte-Foy<br \/>\nQu\u00e9bec (Qc) Canada G1V 4C7<\/p>\n<p>Phone: (418) 648-5823<br \/>\nFax: (418) 649-6737<br \/>\n<a href=\"mailto:Nathalie.Isabel@canada.ca\">Nathalie.Isabel@canada.ca<\/a><\/p>\n<p><a href=\"http:\/\/www.genomiqueforestiere.chaire.ulaval.ca\/?page_id=1825\">Publications<\/a><\/p>\n<\/div>\n<\/div>\n<p><a class=\"lbp-inline-link-4\" href=\"#\">Damase Khasa<\/a><\/p>\n<div style=\"display: none;\">\n<div id=\"lbp-inline-href-4\" style=\"padding: 10px; background: #fff;\">\n<h1><strong>Damase Khasa<\/strong><\/h1>\n<p><img loading=\"lazy\" decoding=\"async\" class=\"alignnone size-full wp-image-654\" src=\"http:\/\/www.genomiqueforestiere.chaire.ulaval.ca\/wp-content\/uploads\/2013\/06\/Damase1.jpg\" alt=\"Damase\" width=\"142\" height=\"145\"><\/p>\n<p><strong>Professor<\/strong><br \/>\nCentre for Forest Research (CFR)<br \/>\nFaculty of Forestry, Geography and Geomatics (FFGG)<br \/>\nInstitut de biologie int\u00e9grative et des syst\u00e8mes (IBIS)<\/p>\n<p><span style=\"text-decoration: underline;\">Int\u00e9r\u00eats de recherche:<\/span><br \/>\nMolecular ecology and environmental genomics<\/p>\n<p><span style=\"text-decoration: underline;\">Contact informations:<\/span><br \/>\n1030 avenue de la m\u00e9decine<br \/>\nPavillon Charles-Eug\u00e8ne-Marchand, room 2208<br \/>\nUniversit\u00e9 Laval<br \/>\nQu\u00e9bec (Qc) Canada G1V 0A6<\/p>\n<p>Phone: (418) 656-2131, ext. 12587<br \/>\nFax: (418) 656-7493<br \/>\n<a href=\"mailto:damase.khasa@ibis.ulaval.ca\">damase.khasa@ibis.ulaval.ca<\/a><\/p>\n<p><a href=\"http:\/\/www.genomiqueforestiere.chaire.ulaval.ca\/?page_id=1447\">Publications<\/a><\/p>\n<\/div>\n<\/div>\n<p><a class=\"lbp-inline-link-10\" href=\"#\">Mebarek Lamara<\/a><\/p>\n<div style=\"display: none;\">\n<div id=\"lbp-inline-href-10\" style=\"padding: 10px; background: #fff;\">\n<h1><strong>Mebarek Lamara<\/strong><\/h1>\n<p><img loading=\"lazy\" decoding=\"async\" class=\"alignnone size-full wp-image-654\" src=\"https:\/\/www.genomiqueforestiere.chaire.ulaval.ca\/wp-content\/uploads\/2022\/07\/MebarekLamara.jpg\" alt=\"MebarekLamara\" width=\"142\" height=\"145\"><\/p>\n<p><strong>Adjunct Professor<\/strong><br \/>\nUniversit\u00e9 du Qu\u00e9bec en Abitibi-T\u00e9miscamingue<br \/>\nInstitut de recherche sur les for\u00eats<\/p>\n<p><span style=\"text-decoration: underline;\">Research fields:<\/span><br \/>\nPhysiology, Functional genomics of trees, adaptation and climate change<\/p>\n<p><span style=\"text-decoration: underline;\">Contact information:<\/span><br \/>\nCampus de Rouyn-Noranda<br \/>\n445, boul. de l&rsquo;Universit\u00e9, Rouyn-Noranda QC J9X 5E4<\/p>\n<p>Phone: 1 877 870-8728<br \/>\n<a href=\"mailto:Mebarek.Lamara@uqat.ca\">Mebarek.Lamara@uqat.ca<\/a><\/p>\n<p><a href=\"https:\/\/www.genomiqueforestiere.chaire.ulaval.ca\/?page_id=5639\">Publications<\/a><\/p>\n<\/div>\n<\/div>\n<p><a class=\"lbp-inline-link-8\" href=\"#\">Patrick Lenz<\/a><\/p>\n<div style=\"display: none;\">\n<div id=\"lbp-inline-href-8\" style=\"padding: 10px; background: #fff;\">\n<h1><strong>Patrick Lenz<\/strong><\/h1>\n<p><img loading=\"lazy\" decoding=\"async\" class=\"alignnone size-full wp-image-654\" src=\"http:\/\/www.genomiqueforestiere.chaire.ulaval.ca\/wp-content\/uploads\/2015\/11\/Patrick_1_8194-4x5.jpg\" alt=\"Nathalie\" width=\"142\" height=\"145\"><\/p>\n<p><strong>Research scientist<\/strong><br \/>\nNatural Resources Canada (NRC)<br \/>\nCanadian Forest Service (CFS)<\/p>\n<p><span style=\"text-decoration: underline;\">Research fields:<\/span><br \/>\nGenomic selection and quantitative genetics of wood<\/p>\n<p><span style=\"text-decoration: underline;\">Contact information:<\/span><br \/>\n1055 rue du P.E.P.S., Postal Box 10380, Station Sainte-Foy<br \/>\nQu\u00e9bec (Qc) Canada G1V 4C7<\/p>\n<p>Phone: (418) 649-6112<br \/>\n<a href=\"mailto:Patrick.Lenz@canada.ca\">Patrick.Lenz@canada.ca<\/a><\/p>\n<p><a href=\"http:\/\/www.genomiqueforestiere.chaire.ulaval.ca\/?page_id=4035\">Publications<\/a><\/p>\n<\/div>\n<\/div>\n<p><a class=\"lbp-inline-link-5\" href=\"#\">John MacKay<\/a><\/p>\n<div style=\"display: none;\">\n<div id=\"lbp-inline-href-5\" style=\"padding: 10px; background: #fff;\">\n<h1><strong>John MacKay<\/strong><\/h1>\n<p><img loading=\"lazy\" decoding=\"async\" class=\"alignnone size-full wp-image-654\" src=\"http:\/\/www.genomiqueforestiere.chaire.ulaval.ca\/wp-content\/uploads\/2017\/02\/John_Mackay_2017.png\" alt=\"MacKay-J.-Photo\" width=\"142\" height=\"145\"><\/p>\n<p><strong>Professor<\/strong><br \/>\nWood Professor of Forest Science<\/p>\n<p><span style=\"text-decoration: underline;\">Research fields:<\/span><br \/>\nGenetics and molecular biology of forest trees<\/p>\n<p><span style=\"text-decoration: underline;\">Contact informations:<\/span><br \/>\nDepartment of Plant Sciences<br \/>\nUniversity of Oxford<br \/>\nSouth Parks Road<br \/>\nOxford, OX1 3RB, UK<br \/>\nPhone: +44 (0) 1865 275088<br \/>\n<a href=\"mailto:john.mackay@plants.ox.ac.uk\">john.mackay@plants.ox.ac.uk<\/a><\/p>\n<p><a href=\"http:\/\/www.genomiqueforestiere.chaire.ulaval.ca\/?page_id=1383\">Publications<\/a><\/p>\n<\/div>\n<\/div>\n<p><a class=\"lbp-inline-link-9\" href=\"#\">Martin Perron<\/a><\/p>\n<div style=\"display: none;\">\n<div id=\"lbp-inline-href-9\" style=\"padding: 10px; background: #fff;\">\n<h1><strong>Martin Perron<\/strong><\/h1>\n<p><img loading=\"lazy\" decoding=\"async\" class=\"alignnone size-full wp-image-654\" src=\"http:\/\/www.genomiqueforestiere.chaire.ulaval.ca\/wp-content\/uploads\/2019\/10\/IMG_3213.jpg\" alt=\"MartinPerron\" width=\"142\" height=\"145\"><\/p>\n<p><strong>Research scientist in forest genetics<\/strong><br \/>\nForest Research Division<br \/>\nMinistry of Forests, Wildlife, and Parcs<\/p>\n<p><span style=\"text-decoration: underline;\">Research fields:<\/span><br \/>\nTree hybridization, genomic selection, and quantitative genetics<\/p>\n<p><span style=\"text-decoration: underline;\">Contact information:<\/span><br \/>\n2700, rue Einstein, bureau B.1.100<br \/>\nQu\u00e9bec (Qc) Canada G1P 3W8<\/p>\n<p>Phone: (418) 643-7994, poste 6547<br \/>\nFax: (418) 643-2165<br \/>\n<a href=\"mailto:martin.perron@mffp.gouv.qc.ca\">martin.perron@mffp.gouv.qc.ca<\/a><\/p>\n<p><a href=\"http:\/\/www.genomiqueforestiere.chaire.ulaval.ca\/?page_id=5164\">Publications<\/a><\/p>\n<\/div>\n<\/div>\n<p><a class=\"lbp-inline-link-7\" href=\"#\">Ilga Porth<\/a><\/p>\n<div style=\"display: none;\">\n<div id=\"lbp-inline-href-7\" style=\"padding: 10px; background: #fff;\">\n<h1><strong>Ilga Porth<\/strong><\/h1>\n<p><img loading=\"lazy\" decoding=\"async\" class=\"alignnone size-full wp-image-654\" src=\"http:\/\/www.genomiqueforestiere.chaire.ulaval.ca\/wp-content\/uploads\/2016\/02\/Ilga_Porth_fev2016.jpg\" alt=\"Ilga_Porth_fev2016\" width=\"142\" height=\"145\"><\/p>\n<p><strong>Assistant professor<\/strong><br \/>\nCentre for Forest Research (CFR)<br \/>\nFaculty of Forestry, Geography and Geomatics (FFGG)<br \/>\nInstitut de biologie int\u00e9grative et des syst\u00e8mes (IBIS)<\/p>\n<p><span style=\"text-decoration: underline;\">Research fields:<\/span><br \/>\nFunctional Genomics<\/p>\n<p><span style=\"text-decoration: underline;\">Contact informations:<\/span><br \/>\n1030 avenue de la m\u00e9decine<br \/>\nPavillon Charles-Eug\u00e8ne-Marchand, room 2165<br \/>\nUniversit\u00e9 Laval<br \/>\nQu\u00e9bec (Qc) Canada G1V 0A6<\/p>\n<p>Phone: (418) 656-2131 poste 8185<br \/>\nFax: (418) 656-7493<br \/>\n<a href=\"mailto:ilga.porth@sbf.ulaval.ca\">ilga.porth@sbf.ulaval.ca<\/a><\/p>\n<p><a href=\" http:\/\/www.genomiqueforestiere.chaire.ulaval.ca\/?page_id=4029\">Publications<\/a><\/p>\n<\/div>\n<\/div>\n<p>&nbsp;<\/p>\n<div style=\"display: none;\">\n<div id=\"lbp-inline-href-6\" style=\"padding: 10px; background: #fff;\">\n<h1><strong>Armand S\u00e9guin<\/strong><\/h1>\n<p><img loading=\"lazy\" decoding=\"async\" class=\"alignnone size-full wp-image-654\" src=\"http:\/\/www.genomiqueforestiere.chaire.ulaval.ca\/wp-content\/uploads\/2015\/11\/A-Seguin.jpg\" alt=\"Seguin-color\" width=\"142\" height=\"145\"><\/p>\n<p><strong>Adjunct professor and research scientist<\/strong><br \/>\nNatural Resources Canada (NRC)<br \/>\nCanadian Forest Service (CFS)<\/p>\n<p><span style=\"text-decoration: underline;\">Research fields:<\/span><br \/>\nFunctional genomics<\/p>\n<p><span style=\"text-decoration: underline;\">Contact information:<\/span><br \/>\n1055 rue du P.E.P.S., Postal Box 10380, Station Sainte-Foy<br \/>\nQu\u00e9bec (Qc) Canada G1V 4C7<\/p>\n<p>Phone: (418) 648-5832<br \/>\nFax: (418) 648-5849<br \/>\n<a href=\"mailto:Armand.Seguin@canada.ca\">Armand.Seguin@canada.ca<\/a><\/p>\n<p><a href=\"http:\/\/www.genomiqueforestiere.chaire.ulaval.ca\/?page_id=1273\">Publications<\/a><\/p>\n<\/div>\n<\/div>\n","protected":false},"excerpt":{"rendered":"<p>Jean Bousquet Jean Bousquet Professor and Chair director Centre for Forest Research (CFR) Faculty of Forestry, Geography and Geomatics (FFGG) Institut de biologie int\u00e9grative et des syst\u00e8mes (IBIS) Research fields: Population, evolutionary and comparative genomics Contact informations: 1030 avenue de &hellip; <a href=\"https:\/\/www.genomiqueforestiere.chaire.ulaval.ca\/?page_id=4428\">Continuer la lecture <span class=\"meta-nav\">&rarr;<\/span><\/a><\/p>\n","protected":false},"author":2,"featured_media":0,"parent":0,"menu_order":0,"comment_status":"closed","ping_status":"closed","template":"sidebar-page.php","meta":{"jetpack_post_was_ever_published":false,"footnotes":""},"class_list":["post-4428","page","type-page","status-publish","hentry"],"jetpack_sharing_enabled":true,"jetpack_shortlink":"https:\/\/wp.me\/P3LOEb-19q","_links":{"self":[{"href":"https:\/\/www.genomiqueforestiere.chaire.ulaval.ca\/index.php?rest_route=\/wp\/v2\/pages\/4428","targetHints":{"allow":["GET"]}}],"collection":[{"href":"https:\/\/www.genomiqueforestiere.chaire.ulaval.ca\/index.php?rest_route=\/wp\/v2\/pages"}],"about":[{"href":"https:\/\/www.genomiqueforestiere.chaire.ulaval.ca\/index.php?rest_route=\/wp\/v2\/types\/page"}],"author":[{"embeddable":true,"href":"https:\/\/www.genomiqueforestiere.chaire.ulaval.ca\/index.php?rest_route=\/wp\/v2\/users\/2"}],"replies":[{"embeddable":true,"href":"https:\/\/www.genomiqueforestiere.chaire.ulaval.ca\/index.php?rest_route=%2Fwp%2Fv2%2Fcomments&post=4428"}],"version-history":[{"count":16,"href":"https:\/\/www.genomiqueforestiere.chaire.ulaval.ca\/index.php?rest_route=\/wp\/v2\/pages\/4428\/revisions"}],"predecessor-version":[{"id":6106,"href":"https:\/\/www.genomiqueforestiere.chaire.ulaval.ca\/index.php?rest_route=\/wp\/v2\/pages\/4428\/revisions\/6106"}],"wp:attachment":[{"href":"https:\/\/www.genomiqueforestiere.chaire.ulaval.ca\/index.php?rest_route=%2Fwp%2Fv2%2Fmedia&parent=4428"}],"curies":[{"name":"wp","href":"https:\/\/api.w.org\/{rel}","templated":true}]}}