{"id":46,"date":"2013-03-09T06:11:04","date_gmt":"2013-03-09T01:11:04","guid":{"rendered":"http:\/\/www.philippelanglois.com\/chaire_dev\/?page_id=46"},"modified":"2023-05-02T18:30:05","modified_gmt":"2023-05-02T22:30:05","slug":"post-doctoral-and-research-associates","status":"publish","type":"page","link":"https:\/\/www.genomiqueforestiere.chaire.ulaval.ca\/?page_id=46","title":{"rendered":"Research and post-doctoral associates"},"content":{"rendered":"\n<h1>Research associates<\/h1>\n<p><a class=\"lbp-inline-link-2\" href=\"#\">Claire Depardieu<\/a><\/p>\n<div style=\"display: none;\">\n<div id=\"lbp-inline-href-2\" style=\"padding: 10px; background: #fff;\">\n<h1><strong>Claire Depardieu<\/strong><\/h1>\n<p><img loading=\"lazy\" decoding=\"async\" class=\"alignnone size-full wp-image-654\" src=\"http:\/\/www.genomiqueforestiere.chaire.ulaval.ca\/wp-content\/uploads\/2019\/05\/C-Depardieu.jpg\" alt=\"ClaireDepardieu\" width=\"142\" height=\"145\"><\/p>\n<p><span style=\"text-decoration: underline;\">Research project:<\/span><br>Identification of ecophysiological and genetic mechanisms related to climate adaptation in white spruce<\/p>\n<p><span style=\"text-decoration: underline;\">Contact information:<\/span><br>1030 avenue de la m\u00e9decine<br>Pavillon Charles-Eug\u00e8ne-Marchand, room 2265<br>Universit\u00e9 Laval<br>Qu\u00e9bec (Qc) Canada G1V 0A6<\/p>\n<p>1055 rue du P.E.P.S., Succ. Sainte-Foy, Qu\u00e9bec (Qc) Canada G1V 4C7<\/p>\n<p><a href=\"mailto:claire-paulette.depardieu.1@ulaval.ca\">claire-paulette.depardieu.1@ulaval.ca<\/a><br><a href=\"mailto:claire.depardieu@canada.ca\">claire.depardieu@canada.ca<\/a><\/p>\n<\/div>\n<\/div>\n<p><a class=\"lbp-inline-link-5\" href=\"#\">Nathalie Pavy<\/a><\/p>\n<div style=\"display: none;\">\n<div id=\"lbp-inline-href-5\" style=\"padding: 10px; background: #fff;\">\n<h1><strong>Nathalie Pavy<\/strong><\/h1>\n<p><img loading=\"lazy\" decoding=\"async\" class=\"alignnone size-full wp-image-654\" src=\"http:\/\/www.genomiqueforestiere.chaire.ulaval.ca\/wp-content\/uploads\/2013\/06\/NathaliePavy_071.jpg\" alt=\"Nathalie Pavy\" width=\"142\" height=\"145\"><br><span style=\"text-decoration: underline;\">Research project:<\/span><br>Bio-informatician, genome specialist<\/p>\n<p><span style=\"text-decoration: underline;\">Contact information:<\/span><br>1030 avenue de la m\u00e9decine<br>Pavillon Charles-Eug\u00e8ne-Marchand, room 2265<br>Universit\u00e9 Laval<br>Qu\u00e9bec (Qc) Canada G1V 0A6<\/p>\n<p><a href=\"mailto:Nathalie.Pavy@sbf.ulaval.ca\">Nathalie.Pavy@sbf.ulaval.ca<\/a><\/p>\n<\/div>\n<\/div>\n<h1>Post-doctoral associates<\/h1>\n<p><a class=\"lbp-inline-link-6\" href=\"#\">Andr\u00e9 Soro<\/a><\/p>\n<div style=\"display: none;\">\n<div id=\"lbp-inline-href-6\" style=\"padding: 10px; background: #fff;\">\n<h1><strong>Andr\u00e9 Soro<\/strong><\/h1>\n<p><img loading=\"lazy\" decoding=\"async\" class=\"alignnone size-full wp-image-654\" src=\"http:\/\/www.genomiqueforestiere.chaire.ulaval.ca\/wp-content\/uploads\/2018\/10\/Andr\u00e9_Soro.jpg\" alt=\"AndreSoro\" width=\"142\" height=\"145\"><\/p>\n<p><span style=\"text-decoration: underline;\">Research project:<\/span><br>Next generation genomic selection in white spruce<\/p>\n<p><span style=\"text-decoration: underline;\">Contact information:<\/span><br>2425 rue de la Terrasse<br>Pavillon Gene-H.-Kruger, Room 2356<br>Universit\u00e9 Laval<br>Qu\u00e9bec (Qc) Canada G1V 0A6<\/p>\n<p><a href=\"mailto:dogninema-andre.soro.1@ulaval.ca\">dogninema-andre.soro.1@ulaval.ca<\/a><\/p>\n<\/div>\n<\/div>\n<p>&nbsp;<\/p>\n<div style=\"display: none;\">\n<div id=\"lbp-inline-href-3\" style=\"padding: 10px; background: #fff;\">\n<h1><strong>Julie Godbout<\/strong><\/h1>\n<p><img loading=\"lazy\" decoding=\"async\" class=\"alignnone size-full wp-image-654\" src=\"http:\/\/www.genomiqueforestiere.chaire.ulaval.ca\/wp-content\/uploads\/2015\/11\/Julie_7_8216-4x5.jpg\" alt=\"JulieGodbout\" width=\"142\" height=\"145\"><\/p>\n<p><span style=\"text-decoration: underline;\">Research project:<\/span><br>Development of genomic resources to address tracability issues in various forest tree species<\/p>\n<p><span style=\"text-decoration: underline;\">Contact information:<\/span><br>1055 rue du P.E.P.S., Succ. Sainte-Foy, Qu\u00e9bec (Qc) Canada G1V 4C7<\/p>\n<p><a href=\"mailto:julie.godbout@canada.ca\">julie.godbout@canada.ca<\/a><\/p>\n<\/div>\n<\/div>\n\n","protected":false},"excerpt":{"rendered":"<p>Research associates Claire Depardieu Claire Depardieu Research project:Identification of ecophysiological and genetic mechanisms related to climate adaptation in white spruce Contact information:1030 avenue de la m\u00e9decinePavillon Charles-Eug\u00e8ne-Marchand, room 2265Universit\u00e9 LavalQu\u00e9bec (Qc) Canada G1V 0A6 1055 rue du P.E.P.S., Succ. Sainte-Foy, &hellip; <a href=\"https:\/\/www.genomiqueforestiere.chaire.ulaval.ca\/?page_id=46\">Continuer la lecture <span class=\"meta-nav\">&rarr;<\/span><\/a><\/p>\n","protected":false},"author":1,"featured_media":0,"parent":0,"menu_order":0,"comment_status":"closed","ping_status":"closed","template":"sidebar-page.php","meta":{"jetpack_post_was_ever_published":false,"footnotes":""},"class_list":["post-46","page","type-page","status-publish","hentry"],"jetpack_sharing_enabled":true,"jetpack_shortlink":"https:\/\/wp.me\/P3LOEb-K","_links":{"self":[{"href":"https:\/\/www.genomiqueforestiere.chaire.ulaval.ca\/index.php?rest_route=\/wp\/v2\/pages\/46","targetHints":{"allow":["GET"]}}],"collection":[{"href":"https:\/\/www.genomiqueforestiere.chaire.ulaval.ca\/index.php?rest_route=\/wp\/v2\/pages"}],"about":[{"href":"https:\/\/www.genomiqueforestiere.chaire.ulaval.ca\/index.php?rest_route=\/wp\/v2\/types\/page"}],"author":[{"embeddable":true,"href":"https:\/\/www.genomiqueforestiere.chaire.ulaval.ca\/index.php?rest_route=\/wp\/v2\/users\/1"}],"replies":[{"embeddable":true,"href":"https:\/\/www.genomiqueforestiere.chaire.ulaval.ca\/index.php?rest_route=%2Fwp%2Fv2%2Fcomments&post=46"}],"version-history":[{"count":70,"href":"https:\/\/www.genomiqueforestiere.chaire.ulaval.ca\/index.php?rest_route=\/wp\/v2\/pages\/46\/revisions"}],"predecessor-version":[{"id":5780,"href":"https:\/\/www.genomiqueforestiere.chaire.ulaval.ca\/index.php?rest_route=\/wp\/v2\/pages\/46\/revisions\/5780"}],"wp:attachment":[{"href":"https:\/\/www.genomiqueforestiere.chaire.ulaval.ca\/index.php?rest_route=%2Fwp%2Fv2%2Fmedia&parent=46"}],"curies":[{"name":"wp","href":"https:\/\/api.w.org\/{rel}","templated":true}]}}