{"id":47,"date":"2013-03-09T06:14:38","date_gmt":"2013-03-09T01:14:38","guid":{"rendered":"http:\/\/www.philippelanglois.com\/chaire_dev\/?page_id=47"},"modified":"2024-01-12T16:18:10","modified_gmt":"2024-01-12T20:18:10","slug":"professionnelles","status":"publish","type":"page","link":"https:\/\/www.genomiqueforestiere.chaire.ulaval.ca\/?page_id=47","title":{"rendered":"Professionnel(le)s"},"content":{"rendered":"\n<p><a class=\"lbp-inline-link-6\" href=\"#\">France Gagnon<\/a><\/p>\n<div style=\"display: none;\">\n<div id=\"lbp-inline-href-6\" style=\"padding: 10px; background: #fff;\">\n<h1><strong>France Gagnon<\/strong><\/h1>\n<p><img loading=\"lazy\" decoding=\"async\" class=\"alignnone size-full wp-image-654\" src=\"https:\/\/www.genomiqueforestiere.chaire.ulaval.ca\/wp-content\/uploads\/2015\/11\/France_2015-10-08-14.39.45.jpg\" alt=\"France Gagnon\" width=\"142\" height=\"145\"><\/p>\n<p><strong>Professionnelle de recherche<\/strong><br>Centre d&rsquo;\u00e9tude de la for\u00eat (CEF)<br>Facult\u00e9 de foresterie, de g\u00e9ographie et de g\u00e9omatique<br>Institut de biologie int\u00e9grative et des syst\u00e8mes (IBIS)<\/p>\n<p><span style=\"text-decoration: underline;\">Coordonn\u00e9es:<\/span><br>1030 avenue de la m\u00e9decine<br>Pavillon Charles-Eug\u00e8ne-Marchand, bureau <br>Universit\u00e9 Laval<br>Qu\u00e9bec (Qc) Canada G1V 0A6<\/p>\n<p><br><a\nhref=\"mailto:france.gagnon@sbf.ulaval.ca\">france.gagnon@sbf.ulaval.ca<\/a><\/p>\n<\/div>\n<\/div>\n<p><a class=\"lbp-inline-link-7\" href=\"#\">S\u00e9bastien G\u00e9rardi<\/a><\/p>\n<div style=\"display: none;\">\n<div id=\"lbp-inline-href-7\" style=\"padding: 10px; background: #fff;\">\n<h1><strong>S\u00e9bastien G\u00e9rardi<\/strong><\/h1>\n<p><img loading=\"lazy\" decoding=\"async\" class=\"alignnone size-full wp-image-654\" src=\"http:\/\/www.genomiqueforestiere.chaire.ulaval.ca\/wp-content\/uploads\/2013\/06\/SebastienGerardi_20071.jpg\" alt=\"SebastienGerardi_2007\" width=\"142\" height=\"145\"><\/p>\n<p><strong>Coordonnateur de la chaire<\/strong><br>Centre d&rsquo;\u00e9tude de la for\u00eat (CEF)<br>Facult\u00e9 de foresterie, de g\u00e9ographie et de g\u00e9omatique<br>Institut de biologie int\u00e9grative et des syst\u00e8mes (IBIS)<\/p>\n<p><span style=\"text-decoration: underline;\">Coordonn\u00e9es:<\/span><br>1030 avenue de la m\u00e9decine<br>Pavillon Charles-Eug\u00e8ne-Marchand, bureau 2212<br>Universit\u00e9 Laval<br>Qu\u00e9bec (Qc) Canada G1V 0A6<\/p>\n<p>T\u00e9l\u00e9phone: (418) 656-2131 ext. 12521<br><a href=\"mailto:sebastien.gerardi@sbf.ulaval.ca\">sebastien.gerardi@sbf.ulaval.ca<\/a><\/p>\n<\/div>\n<\/div>\n<p>&nbsp;<\/p>\n<div style=\"display: none;\">\n<div id=\"lbp-inline-href-2\" style=\"padding: 10px; background: #fff;\">\n<h1><strong>S\u00e9bastien Cl\u00e9ment<\/strong><\/h1>\n<p><img decoding=\"async\" class=\"alignnone wp-image-654\" src=\"http:\/\/www.genomiqueforestiere.chaire.ulaval.ca\/wp-content\/uploads\/2015\/11\/S\u00e9bastienCl\u00e9ment.jpg\" alt=\"S\u00e9bastienCl\u00e9ment\" width=\"142\"><\/p>\n<p><strong>Professionel de recherche<\/strong><br>Centre canadien sur la fibre de bois<br>Service canadien des for\u00eats<\/p>\n<p><span style=\"text-decoration: underline;\">Coordonn\u00e9es:<\/span><br>1055 rue du P.E.P.S., case postale 10380, Succ. Sainte-Foy<br>Qu\u00e9bec (Qc) Canada G1V 4C7<\/p>\n<p>T\u00e9l\u00e9phone: (418) 648-4486<br>T\u00e9l\u00e9copieur: (418) 649-6737<br><a href=\"mailto:sebastien.clement@canada.ca\">sebastien.clement@canada.ca<\/a><\/p>\n<\/div>\n<\/div>\n<p>&nbsp;<\/p>\n<div style=\"display: none;\">\n<div id=\"lbp-inline-href-4\" style=\"padding: 10px; background: #fff;\">\n<h1><strong>Marie Deslauriers<\/strong><\/h1>\n<p><img loading=\"lazy\" decoding=\"async\" class=\"alignnone size-full wp-image-654\" src=\"http:\/\/www.genomiqueforestiere.chaire.ulaval.ca\/wp-content\/uploads\/2015\/11\/Marie_20151015_4_8199-4x5b.jpg\" alt=\"Marie_20151015_4_8199 4x5b\" width=\"142\" height=\"145\"><\/p>\n<p><strong>Professionelle de recherche<\/strong><br>Centre canadien sur la fibre de bois<br>Service canadien des for\u00eats<\/p>\n<p><span style=\"text-decoration: underline;\">Coordonn\u00e9es:<\/span><br>1055 rue du P.E.P.S., case postale 10380, Succ. Sainte-Foy<br>Qu\u00e9bec (Qc) Canada G1V 4C7<\/p>\n<p>T\u00e9l\u00e9phone: (418) 648-5827<br>T\u00e9l\u00e9copieur: (418) 649-6737<br><a href=\"mailto:marie.deslauriers@canada.ca\">marie.deslauriers@canada.ca<\/a><\/p>\n<\/div>\n<\/div>\n<p>&nbsp;<\/p>\n<div style=\"display: none;\">\n<div id=\"lbp-inline-href-8\" style=\"padding: 10px; background: #fff;\">\n<h1><strong>Marie-Claude Gros-Louis<\/strong><\/h1>\n<p><img loading=\"lazy\" decoding=\"async\" class=\"alignnone size-full wp-image-654\" src=\"http:\/\/www.genomiqueforestiere.chaire.ulaval.ca\/wp-content\/uploads\/2015\/11\/MarieClaude7GP_8220-4x5.jpg\" alt=\"MarieClaude7GP_8220 4x5\" width=\"142\" height=\"145\"><\/p>\n<p><strong>Professionelle de recherche<\/strong><br>Ressources naturelles Canada<br>Service canadien des for\u00eats<\/p>\n<p><span style=\"text-decoration: underline;\">Coordonn\u00e9es:<\/span><br>1055 rue du P.E.P.S., case postale 10380, Succ. Sainte-Foy<br>Qu\u00e9bec (Qc) Canada G1V 4C7<\/p>\n<p>T\u00e9l\u00e9phone: (418) 648-4947<br>T\u00e9l\u00e9copieur: (418) 649-6737<br><a href=\"mailto:marie-claude.gros-louis@canada.ca\">marie-claude.gros-louis@canada.ca<\/a><\/p>\n<\/div>\n<\/div>\n<p>&nbsp;<\/p>\n<div style=\"display: none;\">\n<div id=\"lbp-inline-href-9\" style=\"padding: 10px; background: #fff;\">\n<h1><strong>Manuel Lamothe<\/strong><\/h1>\n<p><img loading=\"lazy\" decoding=\"async\" class=\"alignnone size-full wp-image-654\" src=\"http:\/\/www.genomiqueforestiere.chaire.ulaval.ca\/wp-content\/uploads\/2015\/11\/Manuel_7GP_8219-4x5.jpg\" alt=\"Manuel_7GP_8219 4x5\" width=\"142\" height=\"145\"><\/p>\n<p><strong>Professionel de recherche<\/strong><br>Ressources naturelles Canada<br>Service canadien des for\u00eats<\/p>\n<p><span style=\"text-decoration: underline;\">Coordonn\u00e9es:<\/span><br>1055 rue du P.E.P.S., case postale 10380, Succ. Sainte-Foy<br>Qu\u00e9bec (Qc) Canada G1V 4C7<\/p>\n<p>T\u00e9l\u00e9phone: (418) 648-5046<br>T\u00e9l\u00e9copieur: (418) 649-6737<br><a href=\"mailto:manuel.lamothe@canada.ca\">manuel.lamothe@canada.ca<\/a><\/p>\n<\/div>\n<\/div>\n<p><a class=\"lbp-inline-link-5\" href=\"#\">Andr\u00e9 Gagn\u00e9<\/a><\/p>\n<div style=\"display: none;\">\n<div id=\"lbp-inline-href-5\" style=\"padding: 10px; background: #fff;\">\n<h1><strong>Andr\u00e9 Gagn\u00e9<\/strong><\/h1>\n<p><img loading=\"lazy\" decoding=\"async\" class=\"alignnone size-full wp-image-654\" src=\"http:\/\/www.genomiqueforestiere.chaire.ulaval.ca\/wp-content\/uploads\/2015\/11\/Andr\u00e9G.jpg\" alt=\"Andr\u00e9G\" width=\"142\" height=\"145\"><\/p>\n<p><strong>Professionnel de recherche (CEF-Biobanques)<\/strong><br>Centre d&rsquo;\u00e9tude de la for\u00eat (CEF)<br>Facult\u00e9 de foresterie, de g\u00e9ographie et de g\u00e9omatique<br>Institut de biologie int\u00e9grative et des syst\u00e8mes (IBIS)<\/p>\n<p><span style=\"text-decoration: underline;\">Coordonn\u00e9es:<\/span><br>1030 avenue de la m\u00e9decine<br>Pavillon Charles-Eug\u00e8ne-Marchand, bureau 2143<br>Universit\u00e9 Laval<br>Qu\u00e9bec (Qc) Canada G1V 0A6<\/p>\n<p>T\u00e9l\u00e9phone: (418) 656-2131 ext. 12328<br><a href=\"mailto:andre.gagne@sbf.ulaval.ca\">andre.gagne@sbf.ulaval.ca<\/a><\/p>\n<\/div>\n<\/div>\n","protected":false},"excerpt":{"rendered":"<p>France Gagnon France Gagnon Professionnelle de rechercheCentre d&rsquo;\u00e9tude de la for\u00eat (CEF)Facult\u00e9 de foresterie, de g\u00e9ographie et de g\u00e9omatiqueInstitut de biologie int\u00e9grative et des syst\u00e8mes (IBIS) Coordonn\u00e9es:1030 avenue de la m\u00e9decinePavillon Charles-Eug\u00e8ne-Marchand, bureau Universit\u00e9 LavalQu\u00e9bec (Qc) Canada G1V 0A6 france.gagnon@sbf.ulaval.ca &hellip; <a href=\"https:\/\/www.genomiqueforestiere.chaire.ulaval.ca\/?page_id=47\">Continuer la lecture <span class=\"meta-nav\">&rarr;<\/span><\/a><\/p>\n","protected":false},"author":1,"featured_media":0,"parent":0,"menu_order":0,"comment_status":"closed","ping_status":"closed","template":"sidebar-page.php","meta":{"jetpack_post_was_ever_published":false,"footnotes":""},"class_list":["post-47","page","type-page","status-publish","hentry"],"jetpack_sharing_enabled":true,"jetpack_shortlink":"https:\/\/wp.me\/P3LOEb-L","_links":{"self":[{"href":"https:\/\/www.genomiqueforestiere.chaire.ulaval.ca\/index.php?rest_route=\/wp\/v2\/pages\/47","targetHints":{"allow":["GET"]}}],"collection":[{"href":"https:\/\/www.genomiqueforestiere.chaire.ulaval.ca\/index.php?rest_route=\/wp\/v2\/pages"}],"about":[{"href":"https:\/\/www.genomiqueforestiere.chaire.ulaval.ca\/index.php?rest_route=\/wp\/v2\/types\/page"}],"author":[{"embeddable":true,"href":"https:\/\/www.genomiqueforestiere.chaire.ulaval.ca\/index.php?rest_route=\/wp\/v2\/users\/1"}],"replies":[{"embeddable":true,"href":"https:\/\/www.genomiqueforestiere.chaire.ulaval.ca\/index.php?rest_route=%2Fwp%2Fv2%2Fcomments&post=47"}],"version-history":[{"count":30,"href":"https:\/\/www.genomiqueforestiere.chaire.ulaval.ca\/index.php?rest_route=\/wp\/v2\/pages\/47\/revisions"}],"predecessor-version":[{"id":5948,"href":"https:\/\/www.genomiqueforestiere.chaire.ulaval.ca\/index.php?rest_route=\/wp\/v2\/pages\/47\/revisions\/5948"}],"wp:attachment":[{"href":"https:\/\/www.genomiqueforestiere.chaire.ulaval.ca\/index.php?rest_route=%2Fwp%2Fv2%2Fmedia&parent=47"}],"curies":[{"name":"wp","href":"https:\/\/api.w.org\/{rel}","templated":true}]}}