{"id":5166,"date":"2019-08-06T19:12:21","date_gmt":"2019-08-06T18:12:21","guid":{"rendered":"http:\/\/www.genomiqueforestiere.chaire.ulaval.ca\/?page_id=5166"},"modified":"2025-12-09T09:38:39","modified_gmt":"2025-12-09T13:38:39","slug":"publications-martin-perron-2","status":"publish","type":"page","link":"https:\/\/www.genomiqueforestiere.chaire.ulaval.ca\/?page_id=5166","title":{"rendered":"Publications &#8211; Martin Perron"},"content":{"rendered":"\n\n<strong>2026<\/strong>\n\n \n\nDesaulniers, E., C. Depardieu, S. Nadeau, J.-P. Laverdi\u00e8re, <strong>M. Perron<\/strong>, F. Ogut, P. Rozenberg,<strong>\u00a0J. Bousquet <\/strong>&amp; <strong>P. Lenz.\u00a0<\/strong>2026. Automated analysis of intra-annual density fluctuations to uncover climate-sensitive and genetically variable wood traits.\u00a0Science of the Total Environment 1007: 181087 (12p.).\n\n\n\n<strong>2025<\/strong>\n\nG\u00e9rardi, S., F. Gagnon, N. Pavy, J. Laroche, S. Nadeau, B. Boyle, A. Soro, S. Millican, S. Thompson, A. Thomson, <strong>M. Perron<\/strong>, S. Bockstette, <strong>J. Beaulieu<\/strong>, <strong>P. Lenz<\/strong> &amp; <strong>J. Bousquet<\/strong> (2025). <a href=\"https:\/\/www.biorxiv.org\/content\/10.1101\/2025.11.14.688480v1\" target=\"_blank\" rel=\"noopener\">Development and validation of an exome-wide SNP genotyping array for GWAS, genomic prediction and assessment of introgressive hybridization between black and red spruces, and transferability to white and Norway spruces<\/a>. bioRxiv Biology Archive (Cold Spring Harbor Laboratory) vol. 2025: 688480 (31p.).\n\nReed-M\u00e9tayer, E., C. Depardieu, <strong>P. Lenz<\/strong>, <strong>J. Bousquet<\/strong>\u00a0&amp; <strong>M. Perron<\/strong>.2025. <a href=\"https:\/\/www.sciencedirect.com\/science\/article\/pii\/S0378112725000581\">Spruce hybrids show superior lifespan growth but intermediate response to climate stress, as compared to their ecologically divergent parental species<\/a>. Forest Ecology and Management 581: 122550 (19p.).\n\n<strong>2023<\/strong>\n\nNadeau,\u00a0S., <strong>J. Beaulieu<\/strong>, S.A. Gezan, <strong>M. Perron<\/strong>,\u00a0<strong>J. Bousquet<\/strong> &amp; <strong>P.R.N. Lenz<\/strong>. 2023. <a href=\"https:\/\/www.ncbi.nlm.nih.gov\/pmc\/articles\/PMC10073444\/pdf\/fpls-14-1137834.pdf\" target=\"_blank\" rel=\"noopener noreferrer\">Increasing genomic prediction accuracy for unphenotyped fullsib families by modeling additive and dominance effects with large datasets in white spruce<\/a>. Frontiers in Plant Science 14: 1137834 (24p).\n\n<strong>2022<\/strong>\n\nBenomar, L., <strong>J. Bousquet<\/strong>, <strong>M. Perron<\/strong>, <strong>J. Beaulieu<\/strong> &amp; <strong>M. Lamara<\/strong>. 2022. <a href=\"https:\/\/www.frontiersin.org\/articles\/10.3389\/fpls.2022.920852\/full\" target=\"_blank\" rel=\"noopener noreferrer\">Tree maladaptation under mid-latitude early spring warming and late cold spells: implications for assisted migration<\/a>. Frontiers in Plant Science 13: 920852 (12p.).\n\nLaverdi\u00e8re, J.-P., <strong>P. Lenz<\/strong>, S. Nadeau, C. Depardieu, <strong>N. Isabel<\/strong>, <strong>M. Perron<\/strong>, <strong>J. Beaulieu<\/strong> &amp; <strong>J. Bousquet<\/strong>. 2022. <a href=\"https:\/\/onlinelibrary.wiley.com\/doi\/full\/10.1111\/eva.13348\" target=\"_blank\" rel=\"noreferrer noopener\">Breeding for adaptation to climate change: genomic selection for drought response in a white spruce multi-site polycross test<\/a>. Evolutionary Applications 15: 383-402.<em>\u00a0<\/em>\n\n<strong>2021<\/strong>\n\nThiffault, N., P. Raymond, J.-M. Lussier, I. Aubin, S. Roy-Tardif, A. D\u2019Amato, F. Doyon, B. Lafleur, <strong>M. Perron<\/strong>, <strong>J. Bousquet<\/strong>, <strong>N. Isabel<\/strong>, S. Carles, P. Lupien &amp; A. Malenfant. 2021. <a href=\"https:\/\/pubs.cif-ifc.org\/doi\/abs\/10.5558\/tfc2021-004\" target=\"_blank\" rel=\"noopener noreferrer\">Adaptive silviculture for climate change: from concepts to reality<\/a>.<em>\u00a0<\/em>The Forestry Chronicle\u00a097: 13-27\n\nThiffault, N., P. Raymond, J.-M. Lussier, I. Aubin, S. Roy-Tardif, A. D\u2019Amato, F. Doyon, B. Lafleur, <strong>M. Perron<\/strong>, <strong>J. Bousquet<\/strong>, <strong>N. Isabel<\/strong>, S. Carles, P. Lupien &amp; A. Malenfant. 2021. <a href=\"https:\/\/pubs.cif-ifc.org\/doi\/abs\/10.5558\/tfc2021-005\" target=\"_blank\" rel=\"noopener noreferrer\">Sylviculture d\u2019adaptation aux changements climatiques: des concepts \u00e0 la r\u00e9alit\u00e9<\/a>.<em>\u00a0<\/em>The Forestry Chronicle\u00a097: 28-42\n\n<strong><a name=\"2020\"><\/a>\n2020<\/strong>\n\n<span lang=\"EN-CA\">Chamberland, V.<\/span>, F. Robichaud,\u00a0<strong>M. Perron<\/strong>, N, G\u00e9linas,\u00a0<strong>J. Bousquet<\/strong>\u00a0&amp;\u00a0<strong>J. Beaulieu<\/strong>. 2020.\u00a0<span style=\"text-decoration: underline;\"><a href=\"https:\/\/link.springer.com\/content\/pdf\/10.1007%2Fs11295-019-1409-7.pdf\" target=\"_blank\" rel=\"noopener noreferrer\">Conventional versus genomic selection for white spruce improvement: a comparison of costs and benefits\u00a0of plantations on Qu\u00e9bec public lands<\/a><\/span>. Tree Genetics and Genomes 16: 17 (16p.).\n\n<strong>Lenz, P.R.N.<\/strong>, S. Nadeau, M.-J. Mottet,\u00a0<strong>M. Perron<\/strong>,\u00a0<strong>N. Isabel<\/strong>,\u00a0<strong>J. Beaulieu<\/strong>\u00a0&amp;\u00a0<strong>J. Bousquet<\/strong>. 2020.\u00a0<a href=\"https:\/\/onlinelibrary.wiley.com\/doi\/epdf\/10.1111\/eva.12823\" target=\"_blank\" rel=\"noopener noreferrer\"><u>Multi-trait genomic selection for weevil resistance, growth and wood quality traits in Norway spruce<\/u><\/a>. Evolutionary Applications 13: 76-94.\n\n<strong>Lenz, P.R.N.<\/strong>, S. Nadeau, A. Aza\u00efez, S. Gerardi, M. Deslauriers,\u00a0<strong>M. Perron<\/strong>,\u00a0<strong>N. Isabel<\/strong>,\u00a0<strong>J. Beaulieu<\/strong>\u00a0&amp;\u00a0<strong>J. Bousquet<\/strong>. 2020.<span style=\"text-decoration: underline;\">\u00a0<a href=\"https:\/\/www.nature.com\/articles\/s41437-019-0290-3\" target=\"_blank\" rel=\"noopener noreferrer\">Genomic prediction for hastening and improving efficiency of forward selection in conifer polycross mating designs: an example from white spruce<\/a><\/span>. Heredity\u00a0124: 562-578.\n\n<a name=\"2019\"><\/a>\n<strong>2019<\/strong>\n\n<a name=\"2016\"><\/a>\n<strong>2016<\/strong>\n\nWarren, \u00c9., G. de Lafontaine, S. G\u00e9rardi, S. Senneville, <strong>J. Beaulieu<\/strong>, <strong>M. Perron<\/strong>, J.P. Jaramillo-Correa &amp; <strong>J. Bousquet<\/strong>. 2016. <span style=\"text-decoration: underline;\"><a href=\"https:\/\/onlinelibrary.wiley.com\/doi\/abs\/10.1111\/jbi.12675\" target=\"_blank\" rel=\"noopener noreferrer\">Joint inferences from cytoplasmic DNA and fossil data provide evidence for glacial vicariance and contrasted postglacial dynamics in tamarack<em>,<\/em> a transcontinental conifer<\/a><\/span>. Journal of Biogeography 43: 1227-1241.","protected":false},"excerpt":{"rendered":"<p>2026 Desaulniers, E., C. Depardieu, S. Nadeau, J.-P. Laverdi\u00e8re, M. Perron, F. Ogut, P. Rozenberg,\u00a0J. Bousquet &amp; P. Lenz.\u00a02026. Automated analysis of intra-annual density fluctuations to uncover climate-sensitive and genetically variable wood traits.\u00a0Science of the Total Environment 1007: 181087 (12p.). &hellip; <a href=\"https:\/\/www.genomiqueforestiere.chaire.ulaval.ca\/?page_id=5166\">Continuer la lecture <span class=\"meta-nav\">&rarr;<\/span><\/a><\/p>\n","protected":false},"author":2,"featured_media":0,"parent":0,"menu_order":0,"comment_status":"closed","ping_status":"closed","template":"","meta":{"jetpack_post_was_ever_published":false,"footnotes":""},"class_list":["post-5166","page","type-page","status-publish","hentry"],"jetpack_sharing_enabled":true,"jetpack_shortlink":"https:\/\/wp.me\/P3LOEb-1lk","_links":{"self":[{"href":"https:\/\/www.genomiqueforestiere.chaire.ulaval.ca\/index.php?rest_route=\/wp\/v2\/pages\/5166","targetHints":{"allow":["GET"]}}],"collection":[{"href":"https:\/\/www.genomiqueforestiere.chaire.ulaval.ca\/index.php?rest_route=\/wp\/v2\/pages"}],"about":[{"href":"https:\/\/www.genomiqueforestiere.chaire.ulaval.ca\/index.php?rest_route=\/wp\/v2\/types\/page"}],"author":[{"embeddable":true,"href":"https:\/\/www.genomiqueforestiere.chaire.ulaval.ca\/index.php?rest_route=\/wp\/v2\/users\/2"}],"replies":[{"embeddable":true,"href":"https:\/\/www.genomiqueforestiere.chaire.ulaval.ca\/index.php?rest_route=%2Fwp%2Fv2%2Fcomments&post=5166"}],"version-history":[{"count":22,"href":"https:\/\/www.genomiqueforestiere.chaire.ulaval.ca\/index.php?rest_route=\/wp\/v2\/pages\/5166\/revisions"}],"predecessor-version":[{"id":6154,"href":"https:\/\/www.genomiqueforestiere.chaire.ulaval.ca\/index.php?rest_route=\/wp\/v2\/pages\/5166\/revisions\/6154"}],"wp:attachment":[{"href":"https:\/\/www.genomiqueforestiere.chaire.ulaval.ca\/index.php?rest_route=%2Fwp%2Fv2%2Fmedia&parent=5166"}],"curies":[{"name":"wp","href":"https:\/\/api.w.org\/{rel}","templated":true}]}}