{"id":57,"date":"2013-03-09T06:33:22","date_gmt":"2013-03-09T01:33:22","guid":{"rendered":"http:\/\/www.philippelanglois.com\/chaire_dev\/?page_id=57"},"modified":"2019-05-15T19:44:35","modified_gmt":"2019-05-15T18:44:35","slug":"publications-3","status":"publish","type":"page","link":"https:\/\/www.genomiqueforestiere.chaire.ulaval.ca\/?page_id=57","title":{"rendered":"Links"},"content":{"rendered":"<p><a href=\"https:\/\/visitesvirtuelles.partenariat.qc.ca\/fasttrac\/en\/app\/presentation\" target=\"_blank\"><em><strong>FastTRAC<\/strong><\/em>\u00a0virtual tour<\/a><\/p>\n<p><a href=\"https:\/\/www.youtube.com\/watch?v=X7DADlgWdG8\" target=\"_blank\">Genomic selection explained<\/a><\/p>\n<p><a href=\"http:\/\/spruce-up.ca\/en\/\" target=\"_blank\">Spruce-Up<\/a><\/p>\n<p><a href=\"http:\/\/www.genomequebec.com\/202-projet\/spruce-up-genomique-amelioree-de-l-epinette-pour-des-forets-productives-et-resilientes.html\" target=\"_blank\">Spruce-Up Project\u00a0Announcement<\/a><\/p>\n<p><a href=\"http:\/\/www.cef-cfr.ca\/index.php?n=Actualit%e9.Accueil?userlang=en\" target=\"_blank\">Centre for Forest Research<\/a><\/p>\n<p><a href=\"http:\/\/www.ffgg.ulaval.ca\/\" target=\"_blank\">Faculty of Forestry, Geography and Geomatics<\/a><\/p>\n<p><strong><em><a href=\"http:\/\/fasttracproject.ca\/en\/home\/\" target=\"_blank\">FastTRAC<\/a><\/em><\/strong>\u00a0<a href=\"http:\/\/www.genomequebec.com\/202-projet\/spruce-up-genomique-amelioree-de-l-epinette-pour-des-forets-productives-et-resilientes.html\" target=\"_blank\">Project<\/a><\/p>\n<p><a href=\"http:\/\/www.rsvs.ulaval.ca\/\" target=\"_blank\">Institut de biologie int\u00e9grative et des syst\u00e8mes (IBIS)<\/a><\/p>\n<p><a href=\"http:\/\/www.mffp.gouv.qc.ca\/english\/department\/index.jsp\" target=\"_blank\">Minist\u00e8re des For\u00eats, de la faune et des parcs<\/a><\/p>\n<p><a href=\"http:\/\/www.ibis.ulaval.ca\/bio-informatique.shtml\" target=\"_blank\">Plateforme de bio-informatique &#8211; IBIS<\/a><\/p>\n<p><a href=\"http:\/\/cfs.nrcan.gc.ca\/\" target=\"_blank\">Canadian Forest Service <\/a><\/p>\n<p><a title=\"SMarTForests\" href=\"http:\/\/www.smartforests.ca\/en-ca\/home.aspx\" target=\"_blank\">SMarTForests<\/a><\/p>\n<p><a href=\"http:\/\/www2.ulaval.ca\/en\/home.html\" target=\"_blank\">Universit\u00e9 Laval<\/a><\/p>\n","protected":false},"excerpt":{"rendered":"<p>FastTRAC\u00a0virtual tour Genomic selection explained Spruce-Up Spruce-Up Project\u00a0Announcement Centre for Forest Research Faculty of Forestry, Geography and Geomatics FastTRAC\u00a0Project Institut de biologie int\u00e9grative et des syst\u00e8mes (IBIS) Minist\u00e8re des For\u00eats, de la faune et des parcs Plateforme de bio-informatique &#8211; &hellip; <a href=\"https:\/\/www.genomiqueforestiere.chaire.ulaval.ca\/?page_id=57\">Continuer la lecture <span class=\"meta-nav\">&rarr;<\/span><\/a><\/p>\n","protected":false},"author":1,"featured_media":0,"parent":0,"menu_order":0,"comment_status":"closed","ping_status":"closed","template":"sidebar-page.php","meta":{"jetpack_post_was_ever_published":false,"footnotes":""},"class_list":["post-57","page","type-page","status-publish","hentry"],"jetpack_sharing_enabled":true,"jetpack_shortlink":"https:\/\/wp.me\/P3LOEb-V","_links":{"self":[{"href":"https:\/\/www.genomiqueforestiere.chaire.ulaval.ca\/index.php?rest_route=\/wp\/v2\/pages\/57","targetHints":{"allow":["GET"]}}],"collection":[{"href":"https:\/\/www.genomiqueforestiere.chaire.ulaval.ca\/index.php?rest_route=\/wp\/v2\/pages"}],"about":[{"href":"https:\/\/www.genomiqueforestiere.chaire.ulaval.ca\/index.php?rest_route=\/wp\/v2\/types\/page"}],"author":[{"embeddable":true,"href":"https:\/\/www.genomiqueforestiere.chaire.ulaval.ca\/index.php?rest_route=\/wp\/v2\/users\/1"}],"replies":[{"embeddable":true,"href":"https:\/\/www.genomiqueforestiere.chaire.ulaval.ca\/index.php?rest_route=%2Fwp%2Fv2%2Fcomments&post=57"}],"version-history":[{"count":11,"href":"https:\/\/www.genomiqueforestiere.chaire.ulaval.ca\/index.php?rest_route=\/wp\/v2\/pages\/57\/revisions"}],"predecessor-version":[{"id":5011,"href":"https:\/\/www.genomiqueforestiere.chaire.ulaval.ca\/index.php?rest_route=\/wp\/v2\/pages\/57\/revisions\/5011"}],"wp:attachment":[{"href":"https:\/\/www.genomiqueforestiere.chaire.ulaval.ca\/index.php?rest_route=%2Fwp%2Fv2%2Fmedia&parent=57"}],"curies":[{"name":"wp","href":"https:\/\/api.w.org\/{rel}","templated":true}]}}